{"id":2545,"date":"2021-12-16T13:41:29","date_gmt":"2021-12-16T11:41:29","guid":{"rendered":"http:\/\/experienciesculturals.cat\/proteccio-de-dades\/"},"modified":"2021-12-23T18:54:49","modified_gmt":"2021-12-23T16:54:49","slug":"proteccion-de-datos","status":"publish","type":"page","link":"https:\/\/www.experienciesculturals.cat\/es\/proteccion-de-datos\/","title":{"rendered":"Pol\u00edtica de protecci\u00f3n de datos"},"content":{"rendered":"<p>[et_pb_section fb_built=\u00bb1&#8243; custom_padding_last_edited=\u00bbon|desktop\u00bb admin_label=\u00bbHeader\u00bb _builder_version=\u00bb4.14.2&#8243; background_color=\u00bb#242e42&#8243; background_image=\u00bbhttp:\/\/experienciesculturals.cat\/wp-content\/uploads\/2021\/12\/rocas-dark.jpg\u00bb background_size=\u00bbcontain\u00bb background_position=\u00bbtop_center\u00bb custom_padding=\u00bb||0px||false|false\u00bb custom_padding_tablet=\u00bb0px||5vw\u00bb custom_padding_phone=\u00bb\u00bb box_shadow_vertical_tablet=\u00bb\u00bb box_shadow_vertical_phone=\u00bb\u00bb box_shadow_vertical_last_edited=\u00bbon|tablet\u00bb locked=\u00bboff\u00bb global_colors_info=\u00bb{}\u00bb][et_pb_row _builder_version=\u00bb3.25&#8243; module_alignment=\u00bbcenter\u00bb locked=\u00bboff\u00bb global_colors_info=\u00bb{}\u00bb][et_pb_column type=\u00bb4_4&#8243; _builder_version=\u00bb3.25&#8243; custom_padding=\u00bb|||\u00bb global_colors_info=\u00bb{}\u00bb custom_padding__hover=\u00bb|||\u00bb][et_pb_text _builder_version=\u00bb4.14.2&#8243; text_font=\u00bbLato||||||||\u00bb text_font_size=\u00bb22px\u00bb text_line_height=\u00bb1.8em\u00bb header_font=\u00bbPT Serif|700|||||||\u00bb header_font_size=\u00bb80px\u00bb header_line_height=\u00bb1.2em\u00bb background_layout=\u00bbdark\u00bb text_font_size_tablet=\u00bb\u00bb text_font_size_phone=\u00bb18px\u00bb text_font_size_last_edited=\u00bbon|phone\u00bb header_font_size_tablet=\u00bb60px\u00bb header_font_size_phone=\u00bb36px\u00bb header_font_size_last_edited=\u00bbon|phone\u00bb global_colors_info=\u00bb{}\u00bb]<\/p>\n<h1>Protecci\u00f3 de dades<\/h1>\n<p>[\/et_pb_text][et_pb_divider color=\u00bb#ffffff\u00bb divider_weight=\u00bb5px\u00bb _builder_version=\u00bb3.23.3&#8243; max_width=\u00bb100px\u00bb locked=\u00bboff\u00bb global_colors_info=\u00bb{}\u00bb][\/et_pb_divider][\/et_pb_column][\/et_pb_row][\/et_pb_section][et_pb_section fb_built=\u00bb1&#8243; admin_label=\u00bbPromo\u00bb _builder_version=\u00bb3.24&#8243; global_colors_info=\u00bb{}\u00bb][et_pb_row _builder_version=\u00bb3.25&#8243; locked=\u00bboff\u00bb global_colors_info=\u00bb{}\u00bb][et_pb_column type=\u00bb4_4&#8243; _builder_version=\u00bb3.25&#8243; custom_padding=\u00bb|||\u00bb global_colors_info=\u00bb{}\u00bb custom_padding__hover=\u00bb|||\u00bb][et_pb_text _builder_version=\u00bb4.14.2&#8243; text_font=\u00bbLato||||||||\u00bb text_font_size=\u00bb18px\u00bb text_line_height=\u00bb1.8em\u00bb header_font=\u00bb||||||||\u00bb header_2_font=\u00bb||||||||\u00bb header_3_font=\u00bbLato|900|||||||\u00bb header_3_font_size=\u00bb26px\u00bb header_3_line_height=\u00bb1.6em\u00bb background_color=\u00bb#ffffff\u00bb text_orientation=\u00bbjustify\u00bb max_width=\u00bb100%\u00bb module_alignment=\u00bbcenter\u00bb custom_margin_tablet=\u00bb|||0px\u00bb custom_margin_phone=\u00bb-200px||\u00bb custom_margin_last_edited=\u00bboff|desktop\u00bb custom_padding=\u00bb50px|40px|50px|40px|true|true\u00bb custom_padding_tablet=\u00bb\u00bb custom_padding_phone=\u00bb30px|20px|30px|20px|true|true\u00bb custom_padding_last_edited=\u00bbon|desktop\u00bb text_font_size_tablet=\u00bb\u00bb text_font_size_phone=\u00bb15px\u00bb text_font_size_last_edited=\u00bbon|desktop\u00bb header_3_font_size_tablet=\u00bb20px\u00bb header_3_font_size_phone=\u00bb16px\u00bb header_3_font_size_last_edited=\u00bbon|desktop\u00bb custom_css_main_element=\u00bbposition: relative;\u00bb box_shadow_style=\u00bbpreset3&#8243; box_shadow_blur=\u00bb100px\u00bb box_shadow_color=\u00bbrgba(0,0,0,0.12)\u00bb text_text_align=\u00bbjustify\u00bb locked=\u00bboff\u00bb global_colors_info=\u00bb{}\u00bb]<\/p>\n<h3>Qui \u00e9s el responsable del tractament de les dades personals?<\/h3>\n<p>El responsable del tractament de les dades personals \u00e9s Atri Cultura i Patrimoni SLU (en endavant ATRI), amb CIF B55169387, domicili al Carrer Nou, 60, 2n de Caldes de Malavella (CP 17455), tel\u00e8fon 972 47 07 35, m\u00f2bil 620 96 97 62 \/ 603 64 35 25, adre\u00e7a electr\u00f2nica info@atri.cat, www.atri.cat \/\/ www.experienciesculturals.cat. Figura inscrita al Registre Mercantil de Girona, volum 2925, foli 119, fulla GI-54945, I\/A4.<\/p>\n<h3>Amb quina finalitat i amb quina legitimaci\u00f3 tractem les dades?<\/h3>\n<h2>Contacte.<\/h2>\n<p>Atenem les consultes de les persones que contacten amb nosaltres per mitj\u00e0 del correu electr\u00f2nic, formulari de contacte de la nostra web o telef\u00f2nicament. Tractem aquestes dades amb el consentiment de la persona que se\u2019ns ha adre\u00e7at.<\/p>\n<h2>Serveis als clients.<\/h2>\n<p>Registrem els clients i les dades addicionals que es puguin generar com a resultat de la relaci\u00f3 comercial amb aquests clients. La relaci\u00f3 comercial comporta incorporar les dades a la comptabilitat, la facturaci\u00f3 o informaci\u00f3 a l\u2019administraci\u00f3 tribut\u00e0ria. Tractem aquestes dades en compliment de les relacions contractuals i d\u2019obligacions legals.<\/p>\n<h2>Gesti\u00f3 d\u2019activitats.<\/h2>\n<p>Registrem dades de les persones participants en activitats o interessades en participar-hi amb finalitats de gestionar les reserves de les activitats, organitzar les activitats, cobrament de imports i enviament d\u2019informaci\u00f3. Les dades personals es comuniquen a l\u2019Administraci\u00f3 Tribut\u00e0ria. Es tracten en compliment de la relaci\u00f3 contractual.<\/p>\n<h2>Gesti\u00f3 de les dades dels nostres prove\u00efdors.<\/h2>\n<p>Tractem les dades dels prove\u00efdors de qui obtenim serveis o b\u00e9ns. Obtenim les dades necess\u00e0ries per mantenir la relaci\u00f3 comercial i els destinem \u00fanicament a aquesta finalitat. Tractem aquestes dades en compliment de les relacions contractuals i d\u2019obligacions legals.<\/p>\n<h2>Informaci\u00f3 de productes i serveis.<\/h2>\n<p>Amb l\u2019autoritzaci\u00f3 les persones interessades, s\u2019utilitzen dades de contacte per enviar publicitat relacionada amb els nostres serveis i activitats. Tractem aquestes dades en base al consentiment de la persona que rep les comunicacions.<\/p>\n<h3>A qui es comuniquen les dades?<\/h3>\n<p>Com a criteri general \u00fanicament comuniquem dades a administracions o poders p\u00fablics i sempre en compliments d\u2019obligacions legals. En la facturaci\u00f3 podem comunicar-les a entitats banc\u00e0ries. No es fan transfer\u00e8ncies de dades fora de l\u2019\u00e0mbit de la Uni\u00f3 Europea (transfer\u00e8ncia internacional).<\/p>\n<h3>Quant de temps conservem les dades?<\/h3>\n<p>Complim l\u2019obligaci\u00f3 legal de limitar al m\u00e0xim el termini de conservaci\u00f3 de les dades. Per aquest motiu es conserven nom\u00e9s el temps necessari i justificat per la finalitat que en va motivar l\u2019obtenci\u00f3. En determinats casos, com les dades que figuren en la documentaci\u00f3 comptable i la facturaci\u00f3, la normativa fiscal obliga a conservar-les fins que no prescriguin les responsabilitats en aquesta mat\u00e8ria. En el cas de les dades que es tracten en base al consentiment de la persona interessada, es conserven fins que aquesta persona no revoca aquest consentiment.<\/p>\n<h3>Quins drets tenen les persones en relaci\u00f3 a les dades que tractem?<\/h3>\n<p>Les persones de qui tractem dades tenen els drets seg\u00fcents:<\/p>\n<p><strong>A accedir-hi<\/strong>. Dret a saber quines dades personals s\u00f3n objecte de tractament, quina \u00e9s la finalitat per la que es tracten, les comunicacions a altres persones, el dret a obtenir-ne c\u00f2pia o a saber el termini previst de conservaci\u00f3.<\/p>\n<p><strong>A demanar-ne la rectificaci\u00f3<\/strong>. Dret a fer rectificar les dades inexactes.<\/p>\n<p><strong>A demanar-ne la supressi\u00f3<\/strong>. Dret a demanar la supressi\u00f3 de les dades quan, entre altres motius, no siguin necess\u00e0ries per als fins per als quals van ser recollides i en van justificar el tractament.<\/p>\n<p><strong>Demanar la limitaci\u00f3 del tractament<\/strong>. En determinades circumst\u00e0ncies existeix el dret a demanar la limitaci\u00f3 del tractament de les dades: deixaran de ser tractades i nom\u00e9s es conservaran per a l&#8217;exercici o la defensa de reclamacions.<\/p>\n<p><strong>A la portabilitat<\/strong>. Dret a obtenir les dades personals en un format d&#8217;\u00fas com\u00fa llegible per m\u00e0quina, i a transmetre-les a un altre responsable del tractament si aix\u00ed ho decideix l\u2019interessat.<\/p>\n<p><strong>A oposar-se al tractament<\/strong>. En adduir motius relacionats amb la seva situaci\u00f3 particular, una persona ens pot demanar que deixem de tractar les seves dades si li pot comportar un perjudici.<\/p>\n<h3>Com es poden exercir o defensar els drets?<\/h3>\n<p>Els drets que acabem d\u2019enumerar es poden exercir adre\u00e7ant una sol\u00b7licitud escrita a Atri Patrimoni i Cultura, SLU a la nostra adre\u00e7a postal o b\u00e9 enviant un correu electr\u00f2nic a info @ atri.cat indicant en tots els casos \u00abProtecci\u00f3 de dades personals\u201d. Si no s\u2019ha obtingut resposta satisfact\u00f2ria en l\u2019exercici dels drets \u00e9s possible presentar una reclamaci\u00f3 davant l\u2019Ag\u00e8ncia Espanyola de Protecci\u00f3 de Dades, per mitj\u00e0 dels formularis o altres canals accessibles des de la seva p\u00e0gina www.aepd.es.[\/et_pb_text][\/et_pb_column][\/et_pb_row][\/et_pb_section]<\/p>\n","protected":false},"excerpt":{"rendered":"<p>Protecci\u00f3 de dadesQui \u00e9s el responsable del tractament de les dades personals? El responsable del tractament de les dades personals \u00e9s Atri Cultura i Patrimoni SLU (en endavant ATRI), amb CIF B55169387, domicili al Carrer Nou, 60, 2n de Caldes de Malavella (CP 17455), tel\u00e8fon 972 47 07 35, m\u00f2bil 620 96 97 62 \/ [&hellip;]<\/p>\n","protected":false},"author":1,"featured_media":0,"parent":0,"menu_order":0,"comment_status":"closed","ping_status":"closed","template":"","meta":{"_et_pb_use_builder":"on","_et_pb_old_content":"","_et_gb_content_width":"","footnotes":""},"class_list":["post-2545","page","type-page","status-publish","hentry"],"_links":{"self":[{"href":"https:\/\/www.experienciesculturals.cat\/es\/wp-json\/wp\/v2\/pages\/2545","targetHints":{"allow":["GET"]}}],"collection":[{"href":"https:\/\/www.experienciesculturals.cat\/es\/wp-json\/wp\/v2\/pages"}],"about":[{"href":"https:\/\/www.experienciesculturals.cat\/es\/wp-json\/wp\/v2\/types\/page"}],"author":[{"embeddable":true,"href":"https:\/\/www.experienciesculturals.cat\/es\/wp-json\/wp\/v2\/users\/1"}],"replies":[{"embeddable":true,"href":"https:\/\/www.experienciesculturals.cat\/es\/wp-json\/wp\/v2\/comments?post=2545"}],"version-history":[{"count":0,"href":"https:\/\/www.experienciesculturals.cat\/es\/wp-json\/wp\/v2\/pages\/2545\/revisions"}],"wp:attachment":[{"href":"https:\/\/www.experienciesculturals.cat\/es\/wp-json\/wp\/v2\/media?parent=2545"}],"curies":[{"name":"wp","href":"https:\/\/api.w.org\/{rel}","templated":true}]}}