{"id":3694,"date":"2022-01-03T13:52:20","date_gmt":"2022-01-03T11:52:20","guid":{"rendered":"http:\/\/experienciesculturals.cat\/?page_id=3694"},"modified":"2022-01-03T13:52:31","modified_gmt":"2022-01-03T11:52:31","slug":"visita-cultural-santa-coloma-farners-vc63","status":"publish","type":"page","link":"https:\/\/www.experienciesculturals.cat\/es\/visita-cultural-santa-coloma-farners-vc63\/","title":{"rendered":"Santa Coloma de Farners, capital comarcal"},"content":{"rendered":"<p>[et_pb_section fb_built=\u00bb1&#8243; custom_padding_last_edited=\u00bbon|desktop\u00bb admin_label=\u00bbHeader\u00bb _builder_version=\u00bb4.14.2&#8243; background_color=\u00bb#FFFFFF\u00bb background_image=\u00bbhttp:\/\/experienciesculturals.cat\/wp-content\/uploads\/2021\/12\/rocas-dark.jpg\u00bb background_size=\u00bbcontain\u00bb background_position=\u00bbtop_center\u00bb custom_padding=\u00bb||0px||false|false\u00bb custom_padding_tablet=\u00bb0px||5vw\u00bb custom_padding_phone=\u00bb\u00bb box_shadow_vertical_tablet=\u00bb\u00bb box_shadow_vertical_phone=\u00bb\u00bb box_shadow_vertical_last_edited=\u00bbon|tablet\u00bb locked=\u00bboff\u00bb global_colors_info=\u00bb{}\u00bb][et_pb_row _builder_version=\u00bb3.25&#8243; module_alignment=\u00bbcenter\u00bb locked=\u00bboff\u00bb global_colors_info=\u00bb{}\u00bb][et_pb_column type=\u00bb4_4&#8243; _builder_version=\u00bb3.25&#8243; custom_padding=\u00bb|||\u00bb global_colors_info=\u00bb{}\u00bb custom_padding__hover=\u00bb|||\u00bb][et_pb_text _builder_version=\u00bb4.14.4&#8243; text_font=\u00bbLato||||||||\u00bb text_font_size=\u00bb22px\u00bb text_line_height=\u00bb1.8em\u00bb header_font=\u00bbPT Serif|700|||||||\u00bb header_font_size=\u00bb80px\u00bb header_line_height=\u00bb1.2em\u00bb background_layout=\u00bbdark\u00bb text_font_size_tablet=\u00bb\u00bb text_font_size_phone=\u00bb18px\u00bb text_font_size_last_edited=\u00bbon|phone\u00bb header_font_size_tablet=\u00bb60px\u00bb header_font_size_phone=\u00bb36px\u00bb header_font_size_last_edited=\u00bbon|phone\u00bb global_colors_info=\u00bb{}\u00bb]<\/p>\n<h1>Visita cultural<\/h1>\n<p>[\/et_pb_text][et_pb_divider color=\u00bb#ffffff\u00bb divider_weight=\u00bb5px\u00bb _builder_version=\u00bb3.23.3&#8243; max_width=\u00bb100px\u00bb locked=\u00bboff\u00bb global_colors_info=\u00bb{}\u00bb][\/et_pb_divider][\/et_pb_column][\/et_pb_row][\/et_pb_section][et_pb_section fb_built=\u00bb1&#8243; _builder_version=\u00bb4.14.2&#8243; _module_preset=\u00bbdefault\u00bb global_colors_info=\u00bb{}\u00bb][et_pb_row _builder_version=\u00bb4.14.2&#8243; _module_preset=\u00bbdefault\u00bb global_colors_info=\u00bb{}\u00bb][et_pb_column type=\u00bb4_4&#8243; _builder_version=\u00bb4.14.2&#8243; _module_preset=\u00bbdefault\u00bb global_colors_info=\u00bb{}\u00bb][et_pb_text _builder_version=\u00bb4.14.4&#8243; text_font=\u00bbLato||||||||\u00bb text_font_size=\u00bb22px\u00bb text_line_height=\u00bb1.8em\u00bb header_font=\u00bbPT Serif|700|||||||\u00bb header_font_size=\u00bb80px\u00bb header_line_height=\u00bb1.2em\u00bb header_2_font=\u00bbOpen Sans Condensed|700|||||||\u00bb header_2_text_color=\u00bb#000000&#8243; header_2_font_size=\u00bb38px\u00bb background_layout=\u00bbdark\u00bb custom_padding=\u00bb0px|||||\u00bb text_font_size_tablet=\u00bb\u00bb text_font_size_phone=\u00bb18px\u00bb text_font_size_last_edited=\u00bbon|phone\u00bb header_font_size_tablet=\u00bb60px\u00bb header_font_size_phone=\u00bb36px\u00bb header_font_size_last_edited=\u00bbon|phone\u00bb global_colors_info=\u00bb{}\u00bb]<\/p>\n<h2>Santa Coloma de Farners, capital comarcal<\/h2>\n<p>[\/et_pb_text][\/et_pb_column][\/et_pb_row][\/et_pb_section][et_pb_section fb_built=\u00bb1&#8243; _builder_version=\u00bb3.22&#8243; global_colors_info=\u00bb{}\u00bb][et_pb_row column_structure=\u00bb1_2,1_2&#8243; _builder_version=\u00bb3.25&#8243; background_size=\u00bbinitial\u00bb background_position=\u00bbtop_left\u00bb background_repeat=\u00bbrepeat\u00bb global_colors_info=\u00bb{}\u00bb][et_pb_column type=\u00bb1_2&#8243; _builder_version=\u00bb3.25&#8243; custom_padding=\u00bb|||\u00bb global_colors_info=\u00bb{}\u00bb custom_padding__hover=\u00bb|||\u00bb][et_pb_text _builder_version=\u00bb4.14.4&#8243; background_size=\u00bbinitial\u00bb background_position=\u00bbtop_left\u00bb background_repeat=\u00bbrepeat\u00bb hover_enabled=\u00bb0&#8243; global_colors_info=\u00bb{}\u00bb sticky_enabled=\u00bb0&#8243;]<\/p>\n<p><strong>Descripci\u00f3n: <\/strong>En el centro de la comarca de la Selva se encuentra Santa Coloma de Farners, capital de la comarca y cabeza de partido judicial desde el siglo XIX. A trav\u00e9s de un recorrido por la historia de la villa, descubriremos su pasado m\u00e1s significativo: desde la Guerra \u201cdels Segadors\u201d a la capitalidad comarcal, pasando por sus personajes m\u00e1s singulares y la arquitectura modernista.<\/p>\n<p><strong>Duraci\u00f3n:<\/strong> 1,5 h.<\/p>\n<p><strong>Disponibilidad: D\u00edas publicitados y grupos concertados.<\/strong><\/p>\n<p><strong>Condiciones de la actividad:<\/strong><br \/>\u2013 Actividad disponible todo el a\u00f1o para grupos privados con reserva previa. Contactar con nosotros para m\u00e1s informaci\u00f3n.<br \/>\u2013 Es necesario hacer la reserva con cierta antelaci\u00f3n.<br \/>\u2013 La duraci\u00f3n de la visita es de 1,5h aprox.<br \/>\u2013 <strong>Visitas culturales:<\/strong> la mayor\u00eda son en entornos urbanos, con predominio de los exteriores, y son id\u00f3neas todo el a\u00f1o. El medio de locomoci\u00f3n es a pie y en general son aptas para todos los p\u00fablicos. Para llegar al punto de encuentro del inicio de esta actividad se puede hacer en veh\u00edculo particular o en transporte p\u00fablico (autob\u00fas), no incluido en el precio de la actividad.<br \/>\u2013 Esta visita no es apta para personas con movilidad reducida.<\/p>\n<p><em>*Haciendo esta actividad est\u00e1is apoyando a peque\u00f1as empresas familiares, como nosotros, a la vez que d\u00e1is a conocer la historia y la cultura de nuestro pa\u00eds.<\/em><\/p>\n<p><strong>Para m\u00e1s informaci\u00f3n y reservas, consultar: <\/strong><a href=\"http:\/\/experienciesculturals.cat\/informacio-i-reserves\/\">http:\/\/experienciesculturales.cat\/informacio-i-reserves\/<\/a><\/p>\n<p>[\/et_pb_text][\/et_pb_column][et_pb_column type=\u00bb1_2&#8243; _builder_version=\u00bb3.25&#8243; custom_padding=\u00bb|||\u00bb global_colors_info=\u00bb{}\u00bb custom_padding__hover=\u00bb|||\u00bb][et_pb_image src=\u00bbhttp:\/\/experienciesculturals.cat\/wp-content\/uploads\/2022\/01\/VC63_Sta_Coloma_Farners_ES-1024&#215;959.jpg\u00bb title_text=\u00bbPENTAX DIGITAL CAMERA\u00bb _builder_version=\u00bb4.14.4&#8243; _module_preset=\u00bbdefault\u00bb hover_enabled=\u00bb0&#8243; global_colors_info=\u00bb{}\u00bb sticky_enabled=\u00bb0&#8243;][\/et_pb_image][et_pb_button button_url=\u00bb@ET-DC@eyJkeW5hbWljIjp0cnVlLCJjb250ZW50IjoicG9zdF9saW5rX3VybF9wcm9kdWN0Iiwic2V0dGluZ3MiOnsicG9zdF9pZCI6IjIyMDAifX0=@\u00bb button_text=\u00bbFes la teva reserva\u00bb button_alignment=\u00bbcenter\u00bb disabled_on=\u00bbon|on|on\u00bb _builder_version=\u00bb4.14.4&#8243; _dynamic_attributes=\u00bbbutton_url\u00bb _module_preset=\u00bbdefault\u00bb disabled=\u00bbon\u00bb global_colors_info=\u00bb{}\u00bb][\/et_pb_button][\/et_pb_column][\/et_pb_row][\/et_pb_section][et_pb_section fb_built=\u00bb1&#8243; _builder_version=\u00bb4.14.4&#8243; _module_preset=\u00bbdefault\u00bb global_colors_info=\u00bb{}\u00bb][et_pb_row _builder_version=\u00bb4.14.4&#8243; _module_preset=\u00bbdefault\u00bb global_colors_info=\u00bb{}\u00bb][et_pb_column type=\u00bb4_4&#8243; _builder_version=\u00bb4.14.4&#8243; _module_preset=\u00bbdefault\u00bb global_colors_info=\u00bb{}\u00bb][et_pb_text _builder_version=\u00bb4.14.4&#8243; _module_preset=\u00bbdefault\u00bb global_colors_info=\u00bb{}\u00bb]<\/p>\n<p><strong>Informaci\u00f3 general i condicions:<\/strong><\/p>\n<ul>\n<li>Atri Cultura i Patrimoni SLU. 972.470.735 \/ 603.643.525 \/ 620.969.762. a\/e: <a href=\"mailto:info@atri.cat\">info@atri.cat<\/a> \/ www.atri.cat \/ www.experienciesculturals.cat<\/li>\n<li>Els menors de 18 anys han d\u2019anar acompanyats d\u2019un adult.<\/li>\n<li>Consultar el detall de cada activitat per saber si s\u00f3n aptes o no per a persones amb mobilitat redu\u00efda, o b\u00e9 si s\u00f3n adaptables.<\/li>\n<li>Els despla\u00e7aments no estan inclosos en el preu de l\u2019activitat.<\/li>\n<li>Fins al punt de trobada de l&#8217;inici de l&#8217;activitat s&#8217;ha d&#8217;arribar amb cotxe particular i en algunes activitats es pot arribar amb transport p\u00fablic (tren o autob\u00fas).<\/li>\n<li>Si s\u00f3n activitats exteriors, es poden portar animals de companyia, com gossos, sempre que vagin lligats i no siguin de races perilloses. Som <em>pet friendly<\/em>.<\/li>\n<li><strong>Les Visites culturals d\u2019Atri Cultura i Patrimoni SLU:<\/strong> la majoria s\u00f3n en entorns urbans, amb predomini dels exteriors, i s\u00f3n id\u00f2nies tot l\u2019any. El mitj\u00e0 de locomoci\u00f3 \u00e9s a peu i en general s\u00f3n aptes per a tots els p\u00fablics. Consulteu condicions espec\u00edfiques. Per arribar al punt de trobada de l\u2019inici de les activitats es pot fer en vehicle particular o en transport p\u00fablic (autob\u00fas o tren, segons la localitat).<\/li>\n<li>Les <strong>Rutes culturals d\u2019Atri Cultura i Patrimoni SLU:<\/strong> la majoria s\u00f3n en espais naturals i\/o urbans, i s\u2019ha de realitzar trasllat entre diversos punts, fet que requereix despla\u00e7aments en cotxe particular (propi). El mitj\u00e0 de locomoci\u00f3 \u00e9s en cotxe (propi) i a peu. En general, s\u00f3n aptes per a tots els p\u00fablics, consulteu condicions espec\u00edfiques de cada activitat. Els despla\u00e7aments no estan inclosos en el preu de l\u2019activitat.<\/li>\n<li>Les <strong>Rutes de Descoberta d\u2019Atri Cultura i Patrimoni SLU:<\/strong> la majoria s\u00f3n en espais naturals i\/o algun tram urb\u00e0, i el mitj\u00e0 de locomoci\u00f3 principal a partir del punt de trobada i d&#8217;inici de la ruta \u00e9s a peu. En general s\u00f3n rutes per entorns naturals, de castells i\/o ermites. S\u2019ha de tenir en compte la dist\u00e0ncia a caminar i la durada de l\u2019activitat. En general, no s\u00f3n recomanades per a menors de 8 anys ni per a persones amb mobilitat redu\u00efda.<\/li>\n<li>Algunes rutes de descoberta cultural poden ser circulars o no. En aquest darrer cas s\u2019ha de preveure deixar un cotxe al punt de finalitzaci\u00f3 o b\u00e9 retornar pel mateix cam\u00ed fins al punt de sortida.<\/li>\n<li>En les rutes culturals i les rutes de descoberta en entorns naturals es recomana portar cal\u00e7at adequat, menjar i beguda. En cas d&#8217;\u00e8poques de calor, portar barret i crema solar.<\/li>\n<li>Algunes rutes de descoberta es poden convertir en rutes culturals (despla\u00e7ament en cotxes particulars) si els camins s\u00f3n aptes per a tot tipus de vehicles.<\/li>\n<li>Totes aquestes activitats es poden realitzar per a grups privats o concertats amb reserva pr\u00e8via o els dies programats dins de cicles com\u00bbDescobreix la Selva: Visites i Rutes Culturals\u00bb que realitzem a l&#8217;estiu.<\/li>\n<li>Per activitats no disponibles a la botiga i per a grups m\u00e9s grans, sol\u00b7liciteu pressupost.<\/li>\n<li>Les activitats programades es poden consultar a: www.atri.cat\/agenda i www.experienciesculturals.cat<\/li>\n<\/ul>\n<p>[\/et_pb_text][\/et_pb_column][\/et_pb_row][\/et_pb_section]<\/p>\n","protected":false},"excerpt":{"rendered":"<p>Visita culturalSanta Coloma de Farners, capital comarcalDescripci\u00f3n: En el centro de la comarca de la Selva se encuentra Santa Coloma de Farners, capital de la comarca y cabeza de partido judicial desde el siglo XIX. A trav\u00e9s de un recorrido por la historia de la villa, descubriremos su pasado m\u00e1s significativo: desde la Guerra \u201cdels [&hellip;]<\/p>\n","protected":false},"author":1,"featured_media":0,"parent":0,"menu_order":0,"comment_status":"closed","ping_status":"closed","template":"","meta":{"_et_pb_use_builder":"on","_et_pb_old_content":"<p><strong>DESCRIPCI\u00d3:<\/strong> Visitarem les termes romanes de Caldes de Malavella, de la m\u00e0 de Joan Llin\u00e0s, arque\u00f2leg i historiador, descobrirem les restes arqueol\u00f2giques de l\u2019antiga Aquae Calidae i passejarem pel nucli medieval per saber com era aquesta ciutat bimil\u00b7len\u00e0ria, tot descobrint la seva hist\u00f2ria i les seves llegendes.<\/p><p><img class=\"aligncenter wp-image-2963\" src=\"http:\/\/experienciesculturals.cat\/wp-content\/uploads\/2021\/12\/VC_arqueoleg_caldes_romana_medieval-1024x819.jpg\" alt=\"\" width=\"512\" height=\"410\" \/><\/p><p><strong>Condicions de l'activitat:<\/strong><\/p><p>\u2013 Activitat disponible tot l\u2019any per a grups privats amb reserva pr\u00e8via. Contacteu amb nosaltres per a m\u00e9s informaci\u00f3.<br \/>\u2013 \u00c9s necessari fer la reserva amb certa antelaci\u00f3.<\/p><p>\u2013 La durada de la visita \u00e9s de 1,5h aprox.<\/p><p>\u2013 <strong>Visites culturals:<\/strong> la majoria s\u00f3n en entorns urbans, amb predomini dels exteriors, i s\u00f3n id\u00f2nies tot l\u2019any. El mitj\u00e0 de locomoci\u00f3 \u00e9s a peu i en general s\u00f3n aptes per a tots els p\u00fablics. Per arribar al punt de trobada de l\u2019inici d\u2019aquesta activitat es pot fer en vehicle particular o en transport p\u00fablic (autob\u00fas o tren), no incl\u00f2s al preu de l\u2019activitat.<\/p><p>\u00a0<\/p><p><em>*Fent aquesta activitat esteu recolzant a petites empreses familiars, com nosaltres, alhora que doneu a con\u00e8ixer la hist\u00f2ria i la cultura del nostre pa\u00eds.<\/em><\/p><p><strong>Per a m\u00e9s informaci\u00f3 i reserves, consulteu: <\/strong><a href=\"http:\/\/experienciesculturals.cat\/informacio-i-reserves\/\">http:\/\/experienciesculturals.cat\/informacio-i-reserves\/<\/a><\/p><p>Disponible per a grups privats o concertats.<\/p>","_et_gb_content_width":"","footnotes":""},"class_list":["post-3694","page","type-page","status-publish","hentry"],"_links":{"self":[{"href":"https:\/\/www.experienciesculturals.cat\/es\/wp-json\/wp\/v2\/pages\/3694","targetHints":{"allow":["GET"]}}],"collection":[{"href":"https:\/\/www.experienciesculturals.cat\/es\/wp-json\/wp\/v2\/pages"}],"about":[{"href":"https:\/\/www.experienciesculturals.cat\/es\/wp-json\/wp\/v2\/types\/page"}],"author":[{"embeddable":true,"href":"https:\/\/www.experienciesculturals.cat\/es\/wp-json\/wp\/v2\/users\/1"}],"replies":[{"embeddable":true,"href":"https:\/\/www.experienciesculturals.cat\/es\/wp-json\/wp\/v2\/comments?post=3694"}],"version-history":[{"count":0,"href":"https:\/\/www.experienciesculturals.cat\/es\/wp-json\/wp\/v2\/pages\/3694\/revisions"}],"wp:attachment":[{"href":"https:\/\/www.experienciesculturals.cat\/es\/wp-json\/wp\/v2\/media?parent=3694"}],"curies":[{"name":"wp","href":"https:\/\/api.w.org\/{rel}","templated":true}]}}