{"id":3726,"date":"2025-05-27T14:03:58","date_gmt":"2025-05-27T12:03:58","guid":{"rendered":"http:\/\/experienciesculturals.cat\/?page_id=3726"},"modified":"2025-05-27T14:25:28","modified_gmt":"2025-05-27T12:25:28","slug":"llagostera-medieval","status":"publish","type":"page","link":"https:\/\/www.experienciesculturals.cat\/es\/llagostera-medieval\/","title":{"rendered":"Llagostera Medieval"},"content":{"rendered":"<p>[et_pb_section fb_built=\u00bb1&#8243; custom_padding_last_edited=\u00bbon|desktop\u00bb admin_label=\u00bbHeader\u00bb _builder_version=\u00bb4.16&#8243; background_color=\u00bb#FFFFFF\u00bb background_image=\u00bbhttps:\/\/www.experienciesculturals.cat\/wp-content\/uploads\/2021\/12\/rocas-dark.jpg\u00bb background_size=\u00bbcontain\u00bb background_position=\u00bbtop_center\u00bb custom_padding=\u00bb||0px||false|false\u00bb custom_padding_tablet=\u00bb0px||5vw\u00bb custom_padding_phone=\u00bb\u00bb box_shadow_vertical_tablet=\u00bb\u00bb box_shadow_vertical_phone=\u00bb\u00bb box_shadow_vertical_last_edited=\u00bbon|tablet\u00bb locked=\u00bboff\u00bb global_colors_info=\u00bb{}\u00bb][et_pb_row _builder_version=\u00bb4.16&#8243; module_alignment=\u00bbcenter\u00bb locked=\u00bboff\u00bb global_colors_info=\u00bb{}\u00bb][et_pb_column type=\u00bb4_4&#8243; _builder_version=\u00bb4.16&#8243; custom_padding=\u00bb|||\u00bb global_colors_info=\u00bb{}\u00bb custom_padding__hover=\u00bb|||\u00bb][et_pb_text _builder_version=\u00bb4.27.4&#8243; text_font=\u00bbLato||||||||\u00bb text_font_size=\u00bb22px\u00bb text_line_height=\u00bb1.8em\u00bb header_font=\u00bbPT Serif|700|||||||\u00bb header_font_size=\u00bb80px\u00bb header_line_height=\u00bb1.2em\u00bb background_layout=\u00bbdark\u00bb text_font_size_tablet=\u00bb\u00bb text_font_size_phone=\u00bb18px\u00bb text_font_size_last_edited=\u00bbon|phone\u00bb header_font_size_tablet=\u00bb60px\u00bb header_font_size_phone=\u00bb36px\u00bb header_font_size_last_edited=\u00bbon|phone\u00bb global_colors_info=\u00bb{}\u00bb]<\/p>\n<h1>Visita cultural<\/h1>\n<p>[\/et_pb_text][et_pb_divider color=\u00bb#ffffff\u00bb divider_weight=\u00bb5px\u00bb _builder_version=\u00bb4.16&#8243; max_width=\u00bb100px\u00bb locked=\u00bboff\u00bb global_colors_info=\u00bb{}\u00bb][\/et_pb_divider][\/et_pb_column][\/et_pb_row][\/et_pb_section][et_pb_section fb_built=\u00bb1&#8243; _builder_version=\u00bb4.16&#8243; _module_preset=\u00bbdefault\u00bb global_colors_info=\u00bb{}\u00bb][et_pb_row _builder_version=\u00bb4.16&#8243; _module_preset=\u00bbdefault\u00bb global_colors_info=\u00bb{}\u00bb][et_pb_column type=\u00bb4_4&#8243; _builder_version=\u00bb4.16&#8243; _module_preset=\u00bbdefault\u00bb global_colors_info=\u00bb{}\u00bb][et_pb_text _builder_version=\u00bb4.27.4&#8243; text_font=\u00bbLato||||||||\u00bb text_font_size=\u00bb22px\u00bb text_line_height=\u00bb1.8em\u00bb header_font=\u00bbPT Serif|700|||||||\u00bb header_font_size=\u00bb80px\u00bb header_line_height=\u00bb1.2em\u00bb header_2_font=\u00bbOpen Sans Condensed|700|||||||\u00bb header_2_text_color=\u00bb#000000&#8243; header_2_font_size=\u00bb38px\u00bb background_layout=\u00bbdark\u00bb custom_padding=\u00bb0px|||||\u00bb text_font_size_tablet=\u00bb\u00bb text_font_size_phone=\u00bb18px\u00bb text_font_size_last_edited=\u00bbon|phone\u00bb header_font_size_tablet=\u00bb60px\u00bb header_font_size_phone=\u00bb36px\u00bb header_font_size_last_edited=\u00bbon|phone\u00bb global_colors_info=\u00bb{}\u00bb]<\/p>\n<h2>Llagostera medieval (Llagostera, Giron\u00e8s)<\/h2>\n<p>[\/et_pb_text][\/et_pb_column][\/et_pb_row][\/et_pb_section][et_pb_section fb_built=\u00bb1&#8243; _builder_version=\u00bb4.16&#8243; global_colors_info=\u00bb{}\u00bb][et_pb_row column_structure=\u00bb1_2,1_2&#8243; _builder_version=\u00bb4.16&#8243; background_size=\u00bbinitial\u00bb background_position=\u00bbtop_left\u00bb background_repeat=\u00bbrepeat\u00bb global_colors_info=\u00bb{}\u00bb][et_pb_column type=\u00bb1_2&#8243; _builder_version=\u00bb4.16&#8243; custom_padding=\u00bb|||\u00bb global_colors_info=\u00bb{}\u00bb custom_padding__hover=\u00bb|||\u00bb][et_pb_text _builder_version=\u00bb4.27.4&#8243; background_size=\u00bbinitial\u00bb background_position=\u00bbtop_left\u00bb background_repeat=\u00bbrepeat\u00bb global_colors_info=\u00bb{}\u00bb]<\/p>\n<p><strong>Descripci\u00f3n de l\u2019activitat:<\/strong><\/p>\n<ul>\n<li>Sobre una peque\u00f1a colina se alza el n\u00facleo medieval de Llagostera, protegido por dos murallas.<\/li>\n<li>Pasearemos por sus calles y plazas, que nos transportar\u00e1n a la Llagostera del siglo XV, bajo los dominios de los barones de Llagostera y su castillo.\u00a0<\/li>\n<li>Subiremos a la torre de la Pres\u00f3 y reviviremos la historia de esta parte de la muralla, que sirvi\u00f3 para vigilar el entorno de la poblaci\u00f3n y los caminos que pasan por ella, y donde despu\u00e9s se encerraba a los condenados.<\/li>\n<li>Retornaremos a la Llagostera medieval acompa\u00f1ados por un historiador y arque\u00f3logo que ha investigado y que conoce de primera mano la Llagostera de hace seis siglos!<\/li>\n<\/ul>\n<p><strong>Incluye:<\/strong><\/p>\n<ul>\n<li>La realizaci\u00f3n de la Experiencia Cultural escogida con un historiador y\/o arque\u00f3logo profesional.<\/li>\n<li>El vale se podr\u00e1 canjear hasta el 30\/11 del a\u00f1o en curso en una fecha concertada (grupo privado).<\/li>\n<\/ul>\n<p><strong>Condiciones de las actividades:<\/strong><\/p>\n<ul>\n<li>Experiencia disponible todo el a\u00f1o. V\u00e1lido hasta el 30\/11 del a\u00f1o en curso<\/li>\n<li>Es necesario hacer la reserva con cierta antelaci\u00f3n.<\/li>\n<li><strong>Visitas culturales:<\/strong> la mayor\u00eda son en entornos urbanos, con predominio de exteriores, y son id\u00f3neas todo el a\u00f1o. El medio de locomoci\u00f3n es a pie y en general son aptas para todos los p\u00fablicos. Para llegar al punto de encuentro del inicio de la actividad, se puede hacer en veh\u00edculo particular o en transporte p\u00fablico (autob\u00fas o tren), no incluido en el precio de la actividad.<\/li>\n<li>La duraci\u00f3n de la visita es de 1,5h aprox.<\/li>\n<\/ul>\n<p>&nbsp;<\/p>\n<p><strong>Precio de la actividad:<\/strong><\/p>\n<p>75\u20ac (grupo hasta 5 persones); 95\u20ac (grup hasta 10 persones). Para grupos m\u00e1s grandes, consultar. Precios con IVA incluydo.<\/p>\n<p><strong>\u00bfC\u00f3mo hacer la compra de la actividad?<\/strong><\/p>\n<p><strong>Para m\u00e1s informaci\u00f3n y reservas, consultar: <\/strong><a href=\"http:\/\/experienciesculturals.cat\/informacio-i-reserves\/\">http:\/\/experienciesculturals.cat\/informacio-i-reserves\/<\/a><\/p>\n<p>[\/et_pb_text][\/et_pb_column][et_pb_column type=\u00bb1_2&#8243; _builder_version=\u00bb4.16&#8243; custom_padding=\u00bb|||\u00bb global_colors_info=\u00bb{}\u00bb custom_padding__hover=\u00bb|||\u00bb][et_pb_image src=\u00bbhttps:\/\/www.experienciesculturals.cat\/wp-content\/uploads\/2025\/05\/2025_VC47_Llagostera_medieval_ES.jpg\u00bb title_text=\u00bb2025_VC47_Llagostera_medieval_ES\u00bb _builder_version=\u00bb4.27.4&#8243; _module_preset=\u00bbdefault\u00bb border_width_all=\u00bb1px\u00bb global_colors_info=\u00bb{}\u00bb][\/et_pb_image][et_pb_button button_url=\u00bb@ET-DC@eyJkeW5hbWljIjp0cnVlLCJjb250ZW50IjoicG9zdF9saW5rX3VybF9wcm9kdWN0Iiwic2V0dGluZ3MiOnsicG9zdF9pZCI6IjYwOTgifX0=@\u00bb button_text=\u00bbHaz tu reserva\u00bb button_alignment=\u00bbcenter\u00bb _builder_version=\u00bb4.27.4&#8243; _dynamic_attributes=\u00bbbutton_url\u00bb _module_preset=\u00bbdefault\u00bb hover_enabled=\u00bb0&#8243; global_colors_info=\u00bb{}\u00bb sticky_enabled=\u00bb0&#8243;][\/et_pb_button][\/et_pb_column][\/et_pb_row][\/et_pb_section][et_pb_section fb_built=\u00bb1&#8243; _builder_version=\u00bb4.27.4&#8243; _module_preset=\u00bbdefault\u00bb global_colors_info=\u00bb{}\u00bb][et_pb_row _builder_version=\u00bb4.27.4&#8243; _module_preset=\u00bbdefault\u00bb global_colors_info=\u00bb{}\u00bb][et_pb_column type=\u00bb4_4&#8243; _builder_version=\u00bb4.27.4&#8243; _module_preset=\u00bbdefault\u00bb global_colors_info=\u00bb{}\u00bb][et_pb_text _builder_version=\u00bb4.27.4&#8243; _module_preset=\u00bbdefault\u00bb global_colors_info=\u00bb{}\u00bb]<\/p>\n<p><strong>SOBRE NOSTROS<\/strong><\/p>\n<p>\u2013 Somos una empresa familiar -de historiadores, arque\u00f3logos y documentalistas- dedicada a los servicios t\u00e9cnicos, arqueol\u00f3gicos, culturales y tur\u00edsticos desde 2013.<\/p>\n<p>\u2013 Estamos especializados y somos anfitriones en actividades de turismo cultural en la comarca de la Selva i en la Selva hist\u00f3rica (parte del Giron\u00e8s y del Maresme).<\/p>\n<p>\u2013 Nuestra misi\u00f3n es acercar y descubrir lugares e historias poco conocidas y con un gran valor cultural, hist\u00f3rico y paisaj\u00edstico.<\/p>\n<p><strong>POR QU\u00c9 CON ATRI CULTURA I PATRIMONI<\/strong><\/p>\n<ul>\n<li>Porque nuestra autenticidad es no vender humo. Tenemos lo que tenemos y nos gusta explicarlo y transmitirlo tal como es, de forma divulgativa para todos los p\u00fablicos y con rigor cient\u00edfico.<\/li>\n<li>Porque las actividades se realizan de la mano de historiadores y arque\u00f3logos, que cuentan con una larga trayectoria como profesionales de la divulgaci\u00f3n hist\u00f3rica, arqueol\u00f3gica y patrimonial.<\/li>\n<li>Porque hace a\u00f1os que realizamos excavaciones arqueol\u00f3gicas, estudios, publicaciones e investigaciones hist\u00f3ricas, y hay cosas \u00fanicas que solo nosotros os podemos explicar de primera mano.<\/li>\n<li>Porque valoramos la comarca donde hemos nacido y donde vivimos, la conocemos, y velamos para transmitir sus peque\u00f1os secretos patrimoniales y sus valores naturales y paisaj\u00edsticos.<\/li>\n<li>Porque visitando la comarca hist\u00f3rica de la Selva tambi\u00e9n favorecemos la econom\u00eda local y el producto local de proximidad.<\/li>\n<\/ul>\n<p>&nbsp;<\/p>\n<p><strong>\u21d2 Generamos conocimiento local<\/strong><\/p>\n<p>Descubrir nuestro entorno y nuestra historia es la mayor garant\u00eda de su conservaci\u00f3n, pervivencia y transmisi\u00f3n a las pr\u00f3ximas generaciones.<\/p>\n<p>Colaboramos con peque\u00f1as empresas y productores del territorio, y hacemos divulgaci\u00f3n sobre los valores patrimoniales de la comarca.<\/p>\n<p><strong>\u21d2 El arraigo al territorio<\/strong><\/p>\n<p>Ser anfitriones en nuestra tierra, donde os llevamos a descubrir rincones poco conocidos en espacios naturales y de inter\u00e9s hist\u00f3rico. Despertaros la curiosidad por nuestro pasado hist\u00f3rico colectivo y valorar porqu\u00e9 somos un pa\u00eds con mucha historia.<\/p>\n<p><strong>\u21d2 Sostenibilidad<\/strong><\/p>\n<p>En algunas visitas culturales se puede llegar en transporte p\u00fablico (principalmente tren).<br \/>En otras no, porque son en espacios naturales de las Guilleries o en el macizo de Cadiretes, pero al ser actividades en grupos muy reducidos, tambi\u00e9n tenemos en cuenta la conservaci\u00f3n, preservaci\u00f3n y difusi\u00f3n del entorno natural.<\/p>\n<p>[\/et_pb_text][\/et_pb_column][\/et_pb_row][\/et_pb_section]<\/p>\n","protected":false},"excerpt":{"rendered":"<p>Visita culturalLlagostera medieval (Llagostera, Giron\u00e8s)Descripci\u00f3n de l\u2019activitat: Sobre una peque\u00f1a colina se alza el n\u00facleo medieval de Llagostera, protegido por dos murallas. Pasearemos por sus calles y plazas, que nos transportar\u00e1n a la Llagostera del siglo XV, bajo los dominios de los barones de Llagostera y su castillo.\u00a0 Subiremos a la torre de la Pres\u00f3 [&hellip;]<\/p>\n","protected":false},"author":1,"featured_media":0,"parent":0,"menu_order":0,"comment_status":"closed","ping_status":"closed","template":"","meta":{"_et_pb_use_builder":"on","_et_pb_old_content":"<p><strong>DESCRIPCI\u00d3:<\/strong> Visitarem les termes romanes de Caldes de Malavella, de la m\u00e0 de Joan Llin\u00e0s, arque\u00f2leg i historiador, descobrirem les restes arqueol\u00f2giques de l\u2019antiga Aquae Calidae i passejarem pel nucli medieval per saber com era aquesta ciutat bimil\u00b7len\u00e0ria, tot descobrint la seva hist\u00f2ria i les seves llegendes.<\/p><p><img class=\"aligncenter wp-image-2963\" src=\"https:\/\/www.experienciesculturals.cat\/wp-content\/uploads\/2021\/12\/VC_arqueoleg_caldes_romana_medieval-1024x819.jpg\" alt=\"\" width=\"512\" height=\"410\" \/><\/p><p><strong>Condicions de l'activitat:<\/strong><\/p><p>\u2013 Activitat disponible tot l\u2019any per a grups privats amb reserva pr\u00e8via. Contacteu amb nosaltres per a m\u00e9s informaci\u00f3.<br \/>\u2013 \u00c9s necessari fer la reserva amb certa antelaci\u00f3.<\/p><p>\u2013 La durada de la visita \u00e9s de 1,5h aprox.<\/p><p>\u2013 <strong>Visites culturals:<\/strong> la majoria s\u00f3n en entorns urbans, amb predomini dels exteriors, i s\u00f3n id\u00f2nies tot l\u2019any. El mitj\u00e0 de locomoci\u00f3 \u00e9s a peu i en general s\u00f3n aptes per a tots els p\u00fablics. Per arribar al punt de trobada de l\u2019inici d\u2019aquesta activitat es pot fer en vehicle particular o en transport p\u00fablic (autob\u00fas o tren), no incl\u00f2s al preu de l\u2019activitat.<\/p><p>\u00a0<\/p><p><em>*Fent aquesta activitat esteu recolzant a petites empreses familiars, com nosaltres, alhora que doneu a con\u00e8ixer la hist\u00f2ria i la cultura del nostre pa\u00eds.<\/em><\/p><p><strong>Per a m\u00e9s informaci\u00f3 i reserves, consulteu: <\/strong><a href=\"http:\/\/experienciesculturals.cat\/informacio-i-reserves\/\">http:\/\/experienciesculturals.cat\/informacio-i-reserves\/<\/a><\/p><p>Disponible per a grups privats o concertats.<\/p>","_et_gb_content_width":"","footnotes":""},"class_list":["post-3726","page","type-page","status-publish","hentry"],"_links":{"self":[{"href":"https:\/\/www.experienciesculturals.cat\/es\/wp-json\/wp\/v2\/pages\/3726","targetHints":{"allow":["GET"]}}],"collection":[{"href":"https:\/\/www.experienciesculturals.cat\/es\/wp-json\/wp\/v2\/pages"}],"about":[{"href":"https:\/\/www.experienciesculturals.cat\/es\/wp-json\/wp\/v2\/types\/page"}],"author":[{"embeddable":true,"href":"https:\/\/www.experienciesculturals.cat\/es\/wp-json\/wp\/v2\/users\/1"}],"replies":[{"embeddable":true,"href":"https:\/\/www.experienciesculturals.cat\/es\/wp-json\/wp\/v2\/comments?post=3726"}],"version-history":[{"count":7,"href":"https:\/\/www.experienciesculturals.cat\/es\/wp-json\/wp\/v2\/pages\/3726\/revisions"}],"predecessor-version":[{"id":6102,"href":"https:\/\/www.experienciesculturals.cat\/es\/wp-json\/wp\/v2\/pages\/3726\/revisions\/6102"}],"wp:attachment":[{"href":"https:\/\/www.experienciesculturals.cat\/es\/wp-json\/wp\/v2\/media?parent=3726"}],"curies":[{"name":"wp","href":"https:\/\/api.w.org\/{rel}","templated":true}]}}