{"id":3961,"date":"2022-01-03T14:43:08","date_gmt":"2022-01-03T12:43:08","guid":{"rendered":"http:\/\/experienciesculturals.cat\/?page_id=3961"},"modified":"2025-05-26T13:16:30","modified_gmt":"2025-05-26T11:16:30","slug":"ruta-descoberta-sant-dalmai-estanyol-rd39","status":"publish","type":"page","link":"https:\/\/www.experienciesculturals.cat\/es\/ruta-descoberta-sant-dalmai-estanyol-rd39\/","title":{"rendered":"El volc\u00e1n de la Crosa y Sant Llop"},"content":{"rendered":"<p>[et_pb_section fb_built=\u00bb1&#8243; custom_padding_last_edited=\u00bbon|desktop\u00bb admin_label=\u00bbHeader\u00bb _builder_version=\u00bb4.16&#8243; background_color=\u00bb#FFFFFF\u00bb background_image=\u00bbhttps:\/\/www.experienciesculturals.cat\/wp-content\/uploads\/2021\/12\/rocas-dark.jpg\u00bb background_size=\u00bbcontain\u00bb background_position=\u00bbtop_center\u00bb custom_padding=\u00bb||0px||false|false\u00bb custom_padding_tablet=\u00bb0px||5vw\u00bb custom_padding_phone=\u00bb\u00bb box_shadow_vertical_tablet=\u00bb\u00bb box_shadow_vertical_phone=\u00bb\u00bb box_shadow_vertical_last_edited=\u00bbon|tablet\u00bb locked=\u00bboff\u00bb global_colors_info=\u00bb{}\u00bb][et_pb_row _builder_version=\u00bb4.16&#8243; module_alignment=\u00bbcenter\u00bb locked=\u00bboff\u00bb global_colors_info=\u00bb{}\u00bb][et_pb_column type=\u00bb4_4&#8243; _builder_version=\u00bb4.16&#8243; custom_padding=\u00bb|||\u00bb global_colors_info=\u00bb{}\u00bb custom_padding__hover=\u00bb|||\u00bb][et_pb_text _builder_version=\u00bb4.16&#8243; text_font=\u00bbLato||||||||\u00bb text_font_size=\u00bb22px\u00bb text_line_height=\u00bb1.8em\u00bb header_font=\u00bbPT Serif|700|||||||\u00bb header_font_size=\u00bb80px\u00bb header_line_height=\u00bb1.2em\u00bb background_layout=\u00bbdark\u00bb text_font_size_tablet=\u00bb\u00bb text_font_size_phone=\u00bb18px\u00bb text_font_size_last_edited=\u00bbon|phone\u00bb header_font_size_tablet=\u00bb60px\u00bb header_font_size_phone=\u00bb36px\u00bb header_font_size_last_edited=\u00bbon|phone\u00bb global_colors_info=\u00bb{}\u00bb]<\/p>\n<h1>Ruta de descubrimiento<\/h1>\n<p>[\/et_pb_text][et_pb_divider color=\u00bb#ffffff\u00bb divider_weight=\u00bb5px\u00bb _builder_version=\u00bb4.16&#8243; max_width=\u00bb100px\u00bb locked=\u00bboff\u00bb global_colors_info=\u00bb{}\u00bb][\/et_pb_divider][\/et_pb_column][\/et_pb_row][\/et_pb_section][et_pb_section fb_built=\u00bb1&#8243; _builder_version=\u00bb4.16&#8243; _module_preset=\u00bbdefault\u00bb global_colors_info=\u00bb{}\u00bb][et_pb_row _builder_version=\u00bb4.16&#8243; _module_preset=\u00bbdefault\u00bb global_colors_info=\u00bb{}\u00bb][et_pb_column type=\u00bb4_4&#8243; _builder_version=\u00bb4.16&#8243; _module_preset=\u00bbdefault\u00bb global_colors_info=\u00bb{}\u00bb][et_pb_text _builder_version=\u00bb4.16&#8243; text_font=\u00bbLato||||||||\u00bb text_font_size=\u00bb22px\u00bb text_line_height=\u00bb1.8em\u00bb header_font=\u00bbPT Serif|700|||||||\u00bb header_font_size=\u00bb80px\u00bb header_line_height=\u00bb1.2em\u00bb header_2_font=\u00bbOpen Sans Condensed|700|||||||\u00bb header_2_text_color=\u00bb#000000&#8243; header_2_font_size=\u00bb38px\u00bb background_layout=\u00bbdark\u00bb custom_padding=\u00bb0px|||||\u00bb text_font_size_tablet=\u00bb\u00bb text_font_size_phone=\u00bb18px\u00bb text_font_size_last_edited=\u00bbon|phone\u00bb header_font_size_tablet=\u00bb60px\u00bb header_font_size_phone=\u00bb36px\u00bb header_font_size_last_edited=\u00bbon|phone\u00bb global_colors_info=\u00bb{}\u00bb]<\/p>\n<h2>El volc\u00e1n de la Crosa y Sant Llop<\/h2>\n<p>[\/et_pb_text][\/et_pb_column][\/et_pb_row][\/et_pb_section][et_pb_section fb_built=\u00bb1&#8243; _builder_version=\u00bb4.16&#8243; global_colors_info=\u00bb{}\u00bb][et_pb_row column_structure=\u00bb1_2,1_2&#8243; _builder_version=\u00bb4.16&#8243; background_size=\u00bbinitial\u00bb background_position=\u00bbtop_left\u00bb background_repeat=\u00bbrepeat\u00bb global_colors_info=\u00bb{}\u00bb][et_pb_column type=\u00bb1_2&#8243; _builder_version=\u00bb4.16&#8243; custom_padding=\u00bb|||\u00bb global_colors_info=\u00bb{}\u00bb custom_padding__hover=\u00bb|||\u00bb][et_pb_text _builder_version=\u00bb4.27.4&#8243; background_size=\u00bbinitial\u00bb background_position=\u00bbtop_left\u00bb background_repeat=\u00bbrepeat\u00bb hover_enabled=\u00bb0&#8243; global_colors_info=\u00bb{}\u00bb sticky_enabled=\u00bb0&#8243;]<\/p>\n<p><strong>Descripci\u00f3n: <\/strong>Daremos un paseo por un paraje natural tan singular como la Crosa, el mayor cr\u00e1ter volc\u00e1nico de la pen\u00ednsula Ib\u00e9rica, y descubriremos el abundante y variado patrimonio cultural que los habitantes de est entorno privilegiado nos han dejado a lo largo de los siglos.<\/p>\n<p>Conoceremos la misteriosa ermita rom\u00e1nica y la torre de telegrafia \u00f3ptica de Sant Llop, una iglesia dedicada a un patr\u00f3n tan poco habitual como Sant Dalmai, las mas\u00edas hist\u00f3ricas que se yerguen en la falda del volc\u00e1n, e incluso algun yacimiento arqueol\u00f3gico que nos habla del passado m\u00e1s lejano de este lugar sorprendente.<\/p>\n<p><strong>Duraci\u00f3n:<\/strong> 3h. aprox.<\/p>\n<p><strong>Municipios de la ruta: <\/strong>Sant Dalmai (Vilob\u00ed d&#8217;Onyar) y Estanyol (Bescan\u00f3) [La Selva &#8211; Giron\u00e8s]<\/p>\n<p><strong>Condiciones de la actividad:<\/strong><\/p>\n<p>\u2013 Actividad disponible todo el a\u00f1o para grupos privados con reserva previa. Contactar con nosotros para m\u00e1s informaci\u00f3n.<br \/>\u2013 Es necesario hacer la reserva con cierta antelaci\u00f3n.<br \/>\u2013 La duraci\u00f3n de la visita \u00e9s de 3h aprox.<br \/>\u2013 Nota: Hasta el punto de encuentro se debe llegar en coche particular. La actividad se hace a pie.<br \/>\u2013<strong> Municipios de la Ruta de Descubrimiento: <\/strong>Sant Dalmai (Vilob\u00ed d&#8217;Onyar) y Estanyol (Bescan\u00f3) [La Selva &#8211; Giron\u00e8s]<br \/>\u2013 Las <strong>Rutas de Descubrimiento de Atri Cultura i Patrimoni SLU:<\/strong> la mayor\u00eda son en espacios naturales y\/o alg\u00fan tramo urbano, y el medio de locomoci\u00f3n principal es a pie. En general son rutas por entornos naturales, de castillos y\/o ermitas. Consultar el detalle de cada actividad para saber si son aptas para personas con movilidad reducida. Los desplazamientos no est\u00e1n incluidos en el precio de la actividad.<br \/>\u2013 Esta visita no es apta para personas con movilidad reducida.<\/p>\n<p><em>*Haciendo esta actividad est\u00e1is apoyando a peque\u00f1as empresas familiares, como nosotros, a la vez que d\u00e1is a conocer la historia y la cultura de nuestro pa\u00eds.<\/em><\/p>\n<p><strong>Para m\u00e1s informaci\u00f3n y reservas, consultar: <\/strong><a href=\"http:\/\/experienciesculturals.cat\/informacio-i-reserves\/\">http:\/\/experienciesculturales.cat\/informacio-i-reserves\/<\/a><\/p>\n<p>[\/et_pb_text][\/et_pb_column][et_pb_column type=\u00bb1_2&#8243; _builder_version=\u00bb4.16&#8243; custom_padding=\u00bb|||\u00bb global_colors_info=\u00bb{}\u00bb custom_padding__hover=\u00bb|||\u00bb][et_pb_image src=\u00bbhttps:\/\/www.experienciesculturals.cat\/wp-content\/uploads\/2022\/01\/RD39_Vilobi_St_Llop.jpg\u00bb title_text=\u00bbRD39_Vilobi_St_Llop\u00bb _builder_version=\u00bb4.16&#8243; _module_preset=\u00bbdefault\u00bb global_colors_info=\u00bb{}\u00bb][\/et_pb_image][et_pb_button button_url=\u00bb@ET-DC@eyJkeW5hbWljIjp0cnVlLCJjb250ZW50IjoicG9zdF9saW5rX3VybF9wcm9kdWN0Iiwic2V0dGluZ3MiOnsicG9zdF9pZCI6IjIzMDcifX0=@\u00bb button_text=\u00bbFes la teva reserva\u00bb button_alignment=\u00bbcenter\u00bb disabled_on=\u00bbon|on|on\u00bb _builder_version=\u00bb4.16&#8243; _dynamic_attributes=\u00bbbutton_url\u00bb _module_preset=\u00bbdefault\u00bb disabled=\u00bbon\u00bb global_colors_info=\u00bb{}\u00bb][\/et_pb_button][\/et_pb_column][\/et_pb_row][\/et_pb_section][et_pb_section fb_built=\u00bb1&#8243; admin_label=\u00bbcondiciones generales\u00bb _builder_version=\u00bb4.16&#8243; _module_preset=\u00bbdefault\u00bb global_colors_info=\u00bb{}\u00bb][et_pb_row _builder_version=\u00bb4.16&#8243; _module_preset=\u00bbdefault\u00bb global_colors_info=\u00bb{}\u00bb][et_pb_column type=\u00bb4_4&#8243; _builder_version=\u00bb4.16&#8243; _module_preset=\u00bbdefault\u00bb global_colors_info=\u00bb{}\u00bb][et_pb_text _builder_version=\u00bb4.16&#8243; _module_preset=\u00bbdefault\u00bb global_colors_info=\u00bb{}\u00bb]<\/p>\n<p><strong>Informaci\u00f3n general y condiciones:<\/strong><\/p>\n<ul>\n<li>Atri Cultura i Patrimoni SLU. 972.470.735 \/ 603.643.525 \/ 620.969.762. a\/e: <a href=\"mailto:info@atri.cat\">info@atri.cat<\/a> \/ www.atri.cat \/ www.experienciesculturales.cat<\/li>\n<li>Los menores de 18 a\u00f1os deben ir acompa\u00f1ados por un adulto.<\/li>\n<li>Consultar el detalle de cada actividad para saber si son aptas o no para personas con movilidad reducida, o bien si son adaptables.<\/li>\n<li>Los desplazamientos no est\u00e1n incluidos en el precio de la actividad.<\/li>\n<li>Hasta el punto de encuentro del inicio de la actividad se debe llegar en autom\u00f3vil particular y en algunas actividades se puede llegar en transporte p\u00fablico (tren o autob\u00fas).<\/li>\n<li>Si son actividades exteriores, se pueden traer animales de compa\u00f1\u00eda, como perros, siempre que vayan con correa y no sean de razas peligrosas. Somos <em>pet friendly<\/em>.<\/li>\n<li><strong>Las Visitas culturales d\u2019Atri Cultura i Patrimoni SLU:<\/strong> la mayor\u00eda son en entornos urbanos, con predominio de los exteriores, y son id\u00f3neas todo el a\u00f1o. El medio de locomoci\u00f3n es a pie y en general son aptas para todos los p\u00fablicos. Consultar condiciones espec\u00edficas. Para llegar al punto de encuentro del inicio de las actividades se puede hacer en vehiculo particular o en transporte p\u00fablico (autob\u00fas o tren, seg\u00fan la localidad).<\/li>\n<li>Les <strong>Rutas culturales d\u2019Atri Cultura i Patrimoni SLU:<\/strong> la mayor\u00eda son en espacios naturales y\/o urbanos, y conllevan traslado entre varios puntos, lo que requiere desplazamientos en autom\u00f3vil particular (propio). El medio de locomoci\u00f3n es en coche (propio) y a pie. En general, son aptas para todos los p\u00fablicos, consultar condiciones espec\u00edficas de cada actividad. Los desplazamientos no est\u00e1n incluidos en el precio de la actividad.<\/li>\n<li>Les <strong>Rutas de Descubrimiento d\u2019Atri Cultura i Patrimoni SLU:<\/strong> La mayor\u00eda son en espacios naturales y\/o alg\u00fan tramo urbano, y el medio de locomoci\u00f3n principal a partir de el punto de encuentro y de inicio de la ruta es a pie. En general son rutas por entornos naturales, de castillos y\/o ermitas. Se debe tener en cuenta la distancia a caminar y la duraci\u00f3n de la actividad. En general, no son recomendables para menores de 8 a\u00f1os ni para personas con movilidad reducida.<\/li>\n<li>Algunas rutas de descubrimiento cultural pueden ser circulares o no. En este \u00faltimo caso se deber\u00e1 dejar un coche en el punto de finalizaci\u00f3n o bien retornar por el mismo camino hasta al punto de salida.<\/li>\n<li>En las rutas culturales y las rutas de descubrimiento en entornos naturales se recomienda llevar calzado adecuado, comida y bebida. En \u00e9pocas calurosas llevar gorra y crema solar.<\/li>\n<li>Algunas rutas de descubrimiento se pueden convertir en rutas culturales (desplazamiento en coches particulars) si los caminos son aptos para todo tipo de veh\u00edculos.<\/li>\n<li>Todas estas actividades se pueden realizar para grupos privados o concertados con reserva previa o los d\u00edas programados dentro de ciclos como \u00abDescubre la Selva: Visitas y Rutas Culturales\u00bb que realizamos en verano.<\/li>\n<li>Para actividades no disponibles en la tienda y para grupos mayores, solicitar presupuesto.<\/li>\n<li>Las actividades programadas se pueden consultar en: www.atri.cat\/agenda y www.experienciesculturales.cat<\/li>\n<\/ul>\n<p>[\/et_pb_text][\/et_pb_column][\/et_pb_row][\/et_pb_section]<\/p>\n","protected":false},"excerpt":{"rendered":"<p>Ruta de descubrimientoEl volc\u00e1n de la Crosa y Sant LlopDescripci\u00f3n: Daremos un paseo por un paraje natural tan singular como la Crosa, el mayor cr\u00e1ter volc\u00e1nico de la pen\u00ednsula Ib\u00e9rica, y descubriremos el abundante y variado patrimonio cultural que los habitantes de est entorno privilegiado nos han dejado a lo largo de los siglos. Conoceremos [&hellip;]<\/p>\n","protected":false},"author":1,"featured_media":0,"parent":0,"menu_order":0,"comment_status":"closed","ping_status":"closed","template":"","meta":{"_et_pb_use_builder":"on","_et_pb_old_content":"<p><strong>DESCRIPCI\u00d3:<\/strong> Visitarem les termes romanes de Caldes de Malavella, de la m\u00e0 de Joan Llin\u00e0s, arque\u00f2leg i historiador, descobrirem les restes arqueol\u00f2giques de l\u2019antiga Aquae Calidae i passejarem pel nucli medieval per saber com era aquesta ciutat bimil\u00b7len\u00e0ria, tot descobrint la seva hist\u00f2ria i les seves llegendes.<\/p><p><img class=\"aligncenter wp-image-2963\" src=\"https:\/\/www.experienciesculturals.cat\/wp-content\/uploads\/2021\/12\/VC_arqueoleg_caldes_romana_medieval-1024x819.jpg\" alt=\"\" width=\"512\" height=\"410\" \/><\/p><p><strong>Condicions de l'activitat:<\/strong><\/p><p>\u2013 Activitat disponible tot l\u2019any per a grups privats amb reserva pr\u00e8via. Contacteu amb nosaltres per a m\u00e9s informaci\u00f3.<br \/>\u2013 \u00c9s necessari fer la reserva amb certa antelaci\u00f3.<\/p><p>\u2013 La durada de la visita \u00e9s de 1,5h aprox.<\/p><p>\u2013 <strong>Visites culturals:<\/strong> la majoria s\u00f3n en entorns urbans, amb predomini dels exteriors, i s\u00f3n id\u00f2nies tot l\u2019any. El mitj\u00e0 de locomoci\u00f3 \u00e9s a peu i en general s\u00f3n aptes per a tots els p\u00fablics. Per arribar al punt de trobada de l\u2019inici d\u2019aquesta activitat es pot fer en vehicle particular o en transport p\u00fablic (autob\u00fas o tren), no incl\u00f2s al preu de l\u2019activitat.<\/p><p>\u00a0<\/p><p><em>*Fent aquesta activitat esteu recolzant a petites empreses familiars, com nosaltres, alhora que doneu a con\u00e8ixer la hist\u00f2ria i la cultura del nostre pa\u00eds.<\/em><\/p><p><strong>Per a m\u00e9s informaci\u00f3 i reserves, consulteu: <\/strong><a href=\"http:\/\/experienciesculturals.cat\/informacio-i-reserves\/\">http:\/\/experienciesculturals.cat\/informacio-i-reserves\/<\/a><\/p><p>Disponible per a grups privats o concertats.<\/p>","_et_gb_content_width":"","footnotes":""},"class_list":["post-3961","page","type-page","status-publish","hentry"],"_links":{"self":[{"href":"https:\/\/www.experienciesculturals.cat\/es\/wp-json\/wp\/v2\/pages\/3961","targetHints":{"allow":["GET"]}}],"collection":[{"href":"https:\/\/www.experienciesculturals.cat\/es\/wp-json\/wp\/v2\/pages"}],"about":[{"href":"https:\/\/www.experienciesculturals.cat\/es\/wp-json\/wp\/v2\/types\/page"}],"author":[{"embeddable":true,"href":"https:\/\/www.experienciesculturals.cat\/es\/wp-json\/wp\/v2\/users\/1"}],"replies":[{"embeddable":true,"href":"https:\/\/www.experienciesculturals.cat\/es\/wp-json\/wp\/v2\/comments?post=3961"}],"version-history":[{"count":2,"href":"https:\/\/www.experienciesculturals.cat\/es\/wp-json\/wp\/v2\/pages\/3961\/revisions"}],"predecessor-version":[{"id":5982,"href":"https:\/\/www.experienciesculturals.cat\/es\/wp-json\/wp\/v2\/pages\/3961\/revisions\/5982"}],"wp:attachment":[{"href":"https:\/\/www.experienciesculturals.cat\/es\/wp-json\/wp\/v2\/media?parent=3961"}],"curies":[{"name":"wp","href":"https:\/\/api.w.org\/{rel}","templated":true}]}}