{"id":5243,"date":"2021-12-16T14:08:19","date_gmt":"2021-12-16T12:08:19","guid":{"rendered":"https:\/\/experienciesculturals.cat\/politica-de-cookies\/"},"modified":"2022-01-28T16:03:14","modified_gmt":"2022-01-28T14:03:14","slug":"politica-de-cookies","status":"publish","type":"page","link":"https:\/\/www.experienciesculturals.cat\/es\/politica-de-cookies\/","title":{"rendered":"Pol\u00edtica de cookies"},"content":{"rendered":"<p>[et_pb_section fb_built=\u00bb1&#8243; custom_padding_last_edited=\u00bbon|desktop\u00bb admin_label=\u00bbHeader\u00bb _builder_version=\u00bb4.14.2&#8243; background_color=\u00bb#242e42&#8243; background_image=\u00bbhttps:\/\/experienciesculturals.cat\/wp-content\/uploads\/2021\/12\/rocas-dark.jpg\u00bb background_size=\u00bbcontain\u00bb background_position=\u00bbtop_center\u00bb custom_padding=\u00bb||0px||false|false\u00bb custom_padding_tablet=\u00bb0px||5vw\u00bb custom_padding_phone=\u00bb\u00bb box_shadow_vertical_tablet=\u00bb\u00bb box_shadow_vertical_phone=\u00bb\u00bb box_shadow_vertical_last_edited=\u00bbon|tablet\u00bb locked=\u00bboff\u00bb global_colors_info=\u00bb{}\u00bb][et_pb_row _builder_version=\u00bb3.25&#8243; module_alignment=\u00bbcenter\u00bb locked=\u00bboff\u00bb global_colors_info=\u00bb{}\u00bb][et_pb_column type=\u00bb4_4&#8243; _builder_version=\u00bb3.25&#8243; custom_padding=\u00bb|||\u00bb global_colors_info=\u00bb{}\u00bb custom_padding__hover=\u00bb|||\u00bb][et_pb_text _builder_version=\u00bb4.14.2&#8243; text_font=\u00bbLato||||||||\u00bb text_font_size=\u00bb22px\u00bb text_line_height=\u00bb1.8em\u00bb header_font=\u00bbPT Serif|700|||||||\u00bb header_font_size=\u00bb80px\u00bb header_line_height=\u00bb1.2em\u00bb background_layout=\u00bbdark\u00bb text_font_size_tablet=\u00bb\u00bb text_font_size_phone=\u00bb18px\u00bb text_font_size_last_edited=\u00bbon|phone\u00bb header_font_size_tablet=\u00bb60px\u00bb header_font_size_phone=\u00bb36px\u00bb header_font_size_last_edited=\u00bbon|phone\u00bb global_colors_info=\u00bb{}\u00bb]<\/p>\n<h1>Pol\u00edtica de cookies<\/h1>\n<p>[\/et_pb_text][et_pb_divider color=\u00bb#ffffff\u00bb divider_weight=\u00bb5px\u00bb _builder_version=\u00bb3.23.3&#8243; max_width=\u00bb100px\u00bb locked=\u00bboff\u00bb global_colors_info=\u00bb{}\u00bb][\/et_pb_divider][\/et_pb_column][\/et_pb_row][\/et_pb_section][et_pb_section fb_built=\u00bb1&#8243; admin_label=\u00bbPromo\u00bb _builder_version=\u00bb3.24&#8243; global_colors_info=\u00bb{}\u00bb][et_pb_row _builder_version=\u00bb3.25&#8243; locked=\u00bboff\u00bb global_colors_info=\u00bb{}\u00bb][et_pb_column type=\u00bb4_4&#8243; _builder_version=\u00bb3.25&#8243; custom_padding=\u00bb|||\u00bb global_colors_info=\u00bb{}\u00bb custom_padding__hover=\u00bb|||\u00bb][et_pb_text _builder_version=\u00bb4.14.2&#8243; text_font=\u00bbLato||||||||\u00bb text_font_size=\u00bb18px\u00bb text_line_height=\u00bb1.8em\u00bb header_font=\u00bb||||||||\u00bb header_2_font=\u00bb||||||||\u00bb header_3_font=\u00bbLato|900|||||||\u00bb header_3_font_size=\u00bb26px\u00bb header_3_line_height=\u00bb1.6em\u00bb background_color=\u00bb#ffffff\u00bb text_orientation=\u00bbjustify\u00bb max_width=\u00bb100%\u00bb module_alignment=\u00bbcenter\u00bb custom_margin_tablet=\u00bb|||0px\u00bb custom_margin_phone=\u00bb-200px||\u00bb custom_margin_last_edited=\u00bboff|desktop\u00bb custom_padding=\u00bb50px|40px|50px|40px|true|true\u00bb custom_padding_tablet=\u00bb\u00bb custom_padding_phone=\u00bb30px|20px|30px|20px|true|true\u00bb custom_padding_last_edited=\u00bbon|desktop\u00bb hover_enabled=\u00bb0&#8243; text_font_size_tablet=\u00bb\u00bb text_font_size_phone=\u00bb15px\u00bb text_font_size_last_edited=\u00bbon|desktop\u00bb header_3_font_size_tablet=\u00bb20px\u00bb header_3_font_size_phone=\u00bb16px\u00bb header_3_font_size_last_edited=\u00bbon|desktop\u00bb custom_css_main_element=\u00bbposition: relative;\u00bb box_shadow_style=\u00bbpreset3&#8243; box_shadow_blur=\u00bb100px\u00bb box_shadow_color=\u00bbrgba(0,0,0,0.12)\u00bb text_text_align=\u00bbjustify\u00bb locked=\u00bboff\u00bb global_colors_info=\u00bb{}\u00bb sticky_enabled=\u00bb0&#8243;]<\/p>\n<p>Les cookies o galetes s\u00f3n petits arxius de text que s\u2019instal\u00b7len als equips des dels qual s\u2019accedeix al nostre lloc web. Entre altres finalitats, les cookies registren les prefer\u00e8ncies i els h\u00e0bits de navegaci\u00f3 d\u2019un usuari. S\u2019associen a l\u2019usuari i al seu equip, per\u00f2 no proporcionen dades directament identificatives. Algunes cookies, per exemple les que permeten elaborar estad\u00edstiques o les publicit\u00e0ries, necessiten el consentiment de l\u2019usuari del nostre lloc. En canvi altres cookies, les de car\u00e0cter t\u00e8cnic o les necess\u00e0ries per oferir un servei sol\u00b7licitat per l\u2019usuari, s\u00f3n imprescindibles per al funcionament del lloc. Les cookies es poden classificar segons la seva vig\u00e8ncia, qui les gestiona o la seva finalitat.<\/p>\n<h3>SEGONS LA VIG\u00c8NCIA<\/h3>\n<p><strong>De sessi\u00f3:<\/strong> s\u00f3n temporals i queden a l\u2019arxiu de galetes del vostre navegador fins el moment que abandoneu el lloc web.<\/p>\n<p><strong>Persistents:<\/strong> queden emmagatzemades i el lloc web els llegeix cada vegada que hi feu una visita.<\/p>\n<h3>SEGONS QUI LES GESTIONI<\/h3>\n<p><strong>Pr\u00f2pies:<\/strong> s\u00f3n les pr\u00f2pies del titular del lloc web des del que es presten els serveis a l\u2019usuari.<\/p>\n<p><strong>De tercers:<\/strong> s\u2019envien a l\u2019usuari per part d\u2019un tercer, diferent al titular del lloc.<\/p>\n<h3>SEGONS LA FINALITAT<\/h3>\n<p><strong>Necess\u00e0ries:<\/strong> les imprescindibles per facilitar la vostra connexi\u00f3. No hi ha opci\u00f3 d\u2019inhabilitar-les, at\u00e8s que s\u00f3n les necess\u00e0ries pel funcionament del lloc web.<\/p>\n<p><strong>T\u00e8cniques:<\/strong> les que permeten controlar el tr\u00e0fic i comunicaci\u00f3 de dades, identificar la sessi\u00f3 i accedir a p\u00e0gines d\u2019acc\u00e9s restringit, entre d\u2019altres.<\/p>\n<p><strong>De prefer\u00e8ncies:<\/strong> permeten recordar les vostres opcions (per exemple llengua o regi\u00f3 des de la qual accediu), per tal de proporcionar-vos serveis avan\u00e7ats.<\/p>\n<p><strong>Anal\u00edtiques:<\/strong> proporcionen informaci\u00f3 estad\u00edstica i permeten millorar els serveis. Utilitzem cookies de Google Analytics que podeu desactivar instal\u00b7lant-vos aquest plugin.<\/p>\n<p><strong>De publicitat:<\/strong> per a oferir continguts publicitaris relacionats amb els interessos de l\u2019usuari, b\u00e9 directament, b\u00e9 per mitj\u00e0 de tercers (\u201cadservers\u201d).<\/p>\n<p><strong>De geolocalitzaci\u00f3:<\/strong> per a con\u00e8ixer la localitzaci\u00f3 geogr\u00e0fica de l\u2019usuari.<\/p>\n<table>\n<thead>\n<tr>\n<th>Nom<\/th>\n<th>Duraci\u00f3<\/th>\n<th>Font<\/th>\n<\/tr>\n<\/thead>\n<tbody>\n<tr>\n<td>moove_gdpr_popup<\/td>\n<td>1 dia<\/td>\n<td>experienciesculturals.cat<\/td>\n<\/tr>\n<tr>\n<td>wp-wpml_current_language<\/td>\n<td>Sessi\u00f3<\/td>\n<td>experienciesculturals.cat<\/td>\n<\/tr>\n<tr>\n<td>wordpress_test_cookie<\/td>\n<td>Sessi\u00f3<\/td>\n<td>experienciesculturals.cat<\/td>\n<\/tr>\n<tr>\n<td>_GRECAPTCHA<\/td>\n<td>6 mesos<\/td>\n<td>www.google.com<\/td>\n<\/tr>\n<tr>\n<td>_ga<\/td>\n<td>1 dia<\/td>\n<td>experienciesculturals.cat<\/td>\n<\/tr>\n<tr>\n<td>_gat<\/td>\n<td>1 dia<\/td>\n<td>experienciesculturals.cat<\/td>\n<\/tr>\n<tr>\n<td>_gid<\/td>\n<td>1 dia<\/td>\n<td>experienciesculturals.cat<\/td>\n<\/tr>\n<\/tbody>\n<\/table>\n<p>Vost\u00e8 pot revocar el consentiment sobre la utilitzaci\u00f3 de cookies eliminant-les per mitj\u00e0 de les opcions que li ofereix el seu navegador. Tamb\u00e9 pot configurar el seu navegador per tal que l\u2019informi pr\u00e8viament de la possible instal\u00b7laci\u00f3 de cookies. En els enlla\u00e7os seg\u00fcents trobar\u00e0 informaci\u00f3 sobre com fer-ho.<\/p>\n<p>Per <a href=\"https:\/\/support.mozilla.org\/ca\/kb\/Galetes\" target=\"_blank\" rel=\"noopener\">Firefox<\/a><br \/>Per <a href=\"https:\/\/support.google.com\/chrome\/answer\/95647?hl=es\" target=\"_blank\" rel=\"noopener\">Chrome <\/a><br \/>Per <a href=\"https:\/\/support.microsoft.com\/es-es\/topic\/c%C3%B3mo-eliminar-archivos-de-cookies-en-internet-explorer-bca9446f-d873-78de-77ba-d42645fa52fc\" target=\"_blank\" rel=\"noopener\">Explorer<\/a><br \/>Per <a href=\"https:\/\/support.microsoft.com\/es-es\/microsoft-edge\/eliminar-las-cookies-en-microsoft-edge-63947406-40ac-c3b8-57b9-2a946a29ae09\" target=\"_blank\" rel=\"noopener\">Edge<\/a><br \/>Per <a href=\"https:\/\/support.apple.com\/es-es\/HT201265\" target=\"_blank\" rel=\"noopener\">Safari per IOS<\/a><br \/>Per <a href=\"https:\/\/help.opera.com\/en\/latest\/web-preferences\/#cookies\" target=\"_blank\" rel=\"noopener\">Opera<\/a><\/p>\n<p>[\/et_pb_text][\/et_pb_column][\/et_pb_row][\/et_pb_section]<\/p>\n","protected":false},"excerpt":{"rendered":"<p>Pol\u00edtica de cookiesLes cookies o galetes s\u00f3n petits arxius de text que s\u2019instal\u00b7len als equips des dels qual s\u2019accedeix al nostre lloc web. Entre altres finalitats, les cookies registren les prefer\u00e8ncies i els h\u00e0bits de navegaci\u00f3 d\u2019un usuari. S\u2019associen a l\u2019usuari i al seu equip, per\u00f2 no proporcionen dades directament identificatives. Algunes cookies, per exemple [&hellip;]<\/p>\n","protected":false},"author":1,"featured_media":0,"parent":0,"menu_order":0,"comment_status":"closed","ping_status":"closed","template":"","meta":{"_et_pb_use_builder":"on","_et_pb_old_content":"","_et_gb_content_width":"","footnotes":""},"class_list":["post-5243","page","type-page","status-publish","hentry"],"_links":{"self":[{"href":"https:\/\/www.experienciesculturals.cat\/es\/wp-json\/wp\/v2\/pages\/5243","targetHints":{"allow":["GET"]}}],"collection":[{"href":"https:\/\/www.experienciesculturals.cat\/es\/wp-json\/wp\/v2\/pages"}],"about":[{"href":"https:\/\/www.experienciesculturals.cat\/es\/wp-json\/wp\/v2\/types\/page"}],"author":[{"embeddable":true,"href":"https:\/\/www.experienciesculturals.cat\/es\/wp-json\/wp\/v2\/users\/1"}],"replies":[{"embeddable":true,"href":"https:\/\/www.experienciesculturals.cat\/es\/wp-json\/wp\/v2\/comments?post=5243"}],"version-history":[{"count":1,"href":"https:\/\/www.experienciesculturals.cat\/es\/wp-json\/wp\/v2\/pages\/5243\/revisions"}],"predecessor-version":[{"id":5244,"href":"https:\/\/www.experienciesculturals.cat\/es\/wp-json\/wp\/v2\/pages\/5243\/revisions\/5244"}],"wp:attachment":[{"href":"https:\/\/www.experienciesculturals.cat\/es\/wp-json\/wp\/v2\/media?parent=5243"}],"curies":[{"name":"wp","href":"https:\/\/api.w.org\/{rel}","templated":true}]}}