{"id":2644,"date":"2021-12-17T11:04:21","date_gmt":"2021-12-17T09:04:21","guid":{"rendered":"http:\/\/experienciesculturals.cat\/producte\/ruta-de-descoberta-llegendes-i-misteris-de-lestany-de-sils\/"},"modified":"2025-03-14T14:54:03","modified_gmt":"2025-03-14T12:54:03","slug":"ruta-de-descubrimiento-leyendas-y-misterios-del-estany-de-sils","status":"publish","type":"product","link":"https:\/\/www.experienciesculturals.cat\/es\/producto\/ruta-de-descubrimiento-leyendas-y-misterios-del-estany-de-sils\/","title":{"rendered":"Ruta de descubrimiento: Leyendas y misterios del \u00abEstany de Sils\u00bb"},"content":{"rendered":"<p>[et_pb_section fb_built=\u00bb1&#8243; custom_padding_last_edited=\u00bbon|desktop\u00bb admin_label=\u00bbHeader\u00bb _builder_version=\u00bb4.16&#8243; background_color=\u00bb#242e42&#8243; background_image=\u00bbhttps:\/\/www.experienciesculturals.cat\/wp-content\/uploads\/2021\/12\/rocas-dark.jpg\u00bb background_size=\u00bbcontain\u00bb background_position=\u00bbtop_center\u00bb custom_padding=\u00bb||0px||false|false\u00bb custom_padding_tablet=\u00bb0px||5vw\u00bb custom_padding_phone=\u00bb\u00bb box_shadow_vertical_tablet=\u00bb\u00bb box_shadow_vertical_phone=\u00bb\u00bb box_shadow_vertical_last_edited=\u00bbon|tablet\u00bb locked=\u00bboff\u00bb collapsed=\u00bboff\u00bb global_colors_info=\u00bb{}\u00bb][et_pb_row _builder_version=\u00bb4.16&#8243; module_alignment=\u00bbcenter\u00bb locked=\u00bboff\u00bb global_colors_info=\u00bb{}\u00bb][et_pb_column type=\u00bb4_4&#8243; _builder_version=\u00bb4.16&#8243; custom_padding=\u00bb|||\u00bb global_colors_info=\u00bb{}\u00bb custom_padding__hover=\u00bb|||\u00bb][et_pb_text _builder_version=\u00bb4.16&#8243; text_font=\u00bbLato||||||||\u00bb text_font_size=\u00bb22px\u00bb text_line_height=\u00bb1.8em\u00bb header_font=\u00bbPT Serif|700|||||||\u00bb header_font_size=\u00bb80px\u00bb header_line_height=\u00bb1.2em\u00bb header_3_font_size=\u00bb46px\u00bb background_layout=\u00bbdark\u00bb text_font_size_tablet=\u00bb\u00bb text_font_size_phone=\u00bb18px\u00bb text_font_size_last_edited=\u00bbon|phone\u00bb header_font_size_tablet=\u00bb60px\u00bb header_font_size_phone=\u00bb36px\u00bb header_font_size_last_edited=\u00bbon|phone\u00bb global_colors_info=\u00bb{}\u00bb]<\/p>\n<h1>Tienda<\/h1>\n<p>[\/et_pb_text][et_pb_divider color=\u00bb#ffffff\u00bb divider_weight=\u00bb5px\u00bb _builder_version=\u00bb4.16&#8243; max_width=\u00bb100px\u00bb locked=\u00bboff\u00bb global_colors_info=\u00bb{}\u00bb][\/et_pb_divider][et_pb_text _builder_version=\u00bb4.16&#8243; _module_preset=\u00bbdefault\u00bb header_font=\u00bbOpen Sans Condensed||||||||\u00bb header_font_size=\u00bb20px\u00bb header_2_font=\u00bbOpen Sans Condensed|700|||||||\u00bb header_2_text_color=\u00bb#FFFFFF\u00bb header_2_font_size=\u00bb48px\u00bb global_colors_info=\u00bb{}\u00bb]<\/p>\n<h2>Vive o Regala una Experiencia Cultural!<\/h2>\n<p>[\/et_pb_text][\/et_pb_column][\/et_pb_row][\/et_pb_section][et_pb_section fb_built=\u00bb1&#8243; _builder_version=\u00bb4.16&#8243; custom_padding=\u00bb0px||||false|false\u00bb collapsed=\u00bboff\u00bb global_colors_info=\u00bb{}\u00bb][et_pb_row _builder_version=\u00bb4.16&#8243; background_size=\u00bbinitial\u00bb background_position=\u00bbtop_left\u00bb background_repeat=\u00bbrepeat\u00bb width=\u00bb100%\u00bb custom_padding=\u00bb0px||0px||false|false\u00bb global_colors_info=\u00bb{}\u00bb][et_pb_column type=\u00bb4_4&#8243; _builder_version=\u00bb4.16&#8243; custom_padding=\u00bb|||\u00bb global_colors_info=\u00bb{}\u00bb custom_padding__hover=\u00bb|||\u00bb][et_pb_wc_breadcrumb _builder_version=\u00bb4.16&#8243; global_colors_info=\u00bb{}\u00bb][\/et_pb_wc_breadcrumb][et_pb_wc_cart_notice _builder_version=\u00bb4.16&#8243; global_colors_info=\u00bb{}\u00bb][\/et_pb_wc_cart_notice][\/et_pb_column][\/et_pb_row][et_pb_row column_structure=\u00bb1_2,1_2&#8243; _builder_version=\u00bb4.16&#8243; background_size=\u00bbinitial\u00bb background_position=\u00bbtop_left\u00bb background_repeat=\u00bbrepeat\u00bb width=\u00bb100%\u00bb custom_padding=\u00bb0px||||false|false\u00bb global_colors_info=\u00bb{}\u00bb][et_pb_column type=\u00bb1_2&#8243; _builder_version=\u00bb4.16&#8243; custom_padding=\u00bb|||\u00bb global_colors_info=\u00bb{}\u00bb custom_padding__hover=\u00bb|||\u00bb][et_pb_wc_images _builder_version=\u00bb4.16&#8243; global_colors_info=\u00bb{}\u00bb][\/et_pb_wc_images][\/et_pb_column][et_pb_column type=\u00bb1_2&#8243; _builder_version=\u00bb4.16&#8243; custom_padding=\u00bb|||\u00bb global_colors_info=\u00bb{}\u00bb custom_padding__hover=\u00bb|||\u00bb][et_pb_wc_title _builder_version=\u00bb4.16&#8243; global_colors_info=\u00bb{}\u00bb][\/et_pb_wc_title][et_pb_wc_rating _builder_version=\u00bb4.16&#8243; global_colors_info=\u00bb{}\u00bb][\/et_pb_wc_rating][et_pb_wc_price _builder_version=\u00bb4.16&#8243; global_colors_info=\u00bb{}\u00bb][\/et_pb_wc_price][et_pb_wc_description _builder_version=\u00bb4.16&#8243; global_colors_info=\u00bb{}\u00bb][\/et_pb_wc_description][et_pb_wc_add_to_cart _builder_version=\u00bb4.16&#8243; global_colors_info=\u00bb{}\u00bb][\/et_pb_wc_add_to_cart][et_pb_wc_meta _builder_version=\u00bb4.16&#8243; global_colors_info=\u00bb{}\u00bb][\/et_pb_wc_meta][\/et_pb_column][\/et_pb_row][et_pb_row _builder_version=\u00bb4.16&#8243; background_size=\u00bbinitial\u00bb background_position=\u00bbtop_left\u00bb background_repeat=\u00bbrepeat\u00bb width=\u00bb100%\u00bb collapsed=\u00bboff\u00bb global_colors_info=\u00bb{}\u00bb][et_pb_column type=\u00bb4_4&#8243; _builder_version=\u00bb4.16&#8243; custom_padding=\u00bb|||\u00bb global_colors_info=\u00bb{}\u00bb custom_padding__hover=\u00bb|||\u00bb][et_pb_wc_tabs _builder_version=\u00bb4.16&#8243; global_colors_info=\u00bb{}\u00bb]\t\t\t\t\t[\/et_pb_wc_tabs][et_pb_wc_upsells _builder_version=\u00bb4.16&#8243; global_colors_info=\u00bb{}\u00bb][\/et_pb_wc_upsells][et_pb_wc_related_products _builder_version=\u00bb4.16&#8243; global_colors_info=\u00bb{}\u00bb][\/et_pb_wc_related_products][\/et_pb_column][\/et_pb_row][\/et_pb_section]<\/p>\n","protected":false},"excerpt":{"rendered":"<p>A trav\u00e9s de las Experiencias Culturales de <em>Atri Cultura i Patrimoni<\/em> os ofrecemos disfrutar de <strong>un viaje al pasado a trav\u00e9s del patrimonio, la historia y el paisaje de la Selva hist\u00f3rica<\/strong>. Son diferentes propuestas para que pod\u00e1is <strong>vivir o regalar una Experiencia Cultural<\/strong> y para adentraros <strong>en la Selva<\/strong> m\u00e1s sorprendente y desconocida, donde podr\u00e9is descubrir su patrimonio cultural y natural.<\/p>\n<p><strong><em>Una experiencia \u00fanica y muy especial, ideal para grupos privados y reducidos!<\/em><\/strong><\/p>\n<p><em>*Haciendo esta actividad \/ regalo est\u00e1is apoyando a peque\u00f1as empresas familiares, como nosotros, a la vez que dais a conocer la historia y la cultura de nuestro pa\u00eds.<\/em><\/p>\n","protected":false},"featured_media":2892,"comment_status":"closed","ping_status":"closed","template":"","meta":{"_et_pb_use_builder":"on","_et_pb_old_content":"<strong>Descripci\u00f3n de la actividad:<\/strong>\r\n<ul>\r\n \t<li>Pasearemos por el sorprendente espacio natural del \"Estany de Sils\", en el coraz\u00f3n de la Selva, un paraje recuperado hace pocos a\u00f1os, pero donde los humanos han vivido ya desde la Prehistoria.<\/li>\r\n \t<li>Descubriremos leyendas y antiguas creencias, que reviviremos en el mismo lugar de donde surgieron.<\/li>\r\n \t<li>Conoceremos como los habitantes de su entorno convivieron con las aguas estancadas, como sacaban fruto de ellas y como lucharon durante siglos con las epidemias y para desecar la laguna hasta que lo consiguieron.<\/li>\r\n \t<li>Disfrutaremos de un entorno lleno de historia y con un paisaje natural muy desconocido.<\/li>\r\n<\/ul>\r\n<strong>Incluye:<\/strong>\r\n<ul>\r\n \t<li>La realizaci\u00f3n de la Experiencia Cultural escogida con un historiador y\/o arque\u00f3logo profesional.<\/li>\r\n \t<li>El vale se podr\u00e1 canjear hasta el 31\/12\/2025 en una fecha concertada (grupo privado).<\/li>\r\n<\/ul>\r\n<strong>Condiciones de las actividades:<\/strong>\r\n\r\n<strong>\u00a0<\/strong>\u2013 Experiencia disponible todo el a\u00f1o. V\u00e1lido hasta el 31 de diciembre de 2025.\r\n\r\n\u2013 Es necesario hacer la reserva con cierta antelaci\u00f3n.\r\n\r\n\u2013 <strong>Rutas de descubrimiento:<\/strong> En general son rutas por entornos naturales, de castillos y\/o ermitas. Las Rutas de Descubrimiento, en espacios naturales y de inter\u00e9s hist\u00f3rico, quiz\u00e1 es mejor hacerlas en las temporadas de oto\u00f1o, invierno o primavera. Esta actividad no es apta para personas con movilidad reducida. El medio de locomoci\u00f3n es a pie pero para llegar al punto de encuentro debe hacerse en coche particular o en tren. Debe llevarse calzado adecuado y agua.\r\n\r\n\u2013 Se seguir\u00e1n las normativas y medidas de seguridad vigentes de la Covid19.\r\n\r\n\u2013 La duraci\u00f3n de la visita es de 1,5h aprox.","_et_gb_content_width":""},"product_brand":[],"product_cat":[213],"product_tag":[],"class_list":{"0":"post-2644","1":"product","2":"type-product","3":"status-publish","4":"has-post-thumbnail","6":"product_cat-vale-regalo","8":"first","9":"instock","10":"sold-individually","11":"taxable","12":"shipping-taxable","13":"purchasable","14":"product-type-variable"},"_links":{"self":[{"href":"https:\/\/www.experienciesculturals.cat\/es\/wp-json\/wp\/v2\/product\/2644","targetHints":{"allow":["GET"]}}],"collection":[{"href":"https:\/\/www.experienciesculturals.cat\/es\/wp-json\/wp\/v2\/product"}],"about":[{"href":"https:\/\/www.experienciesculturals.cat\/es\/wp-json\/wp\/v2\/types\/product"}],"replies":[{"embeddable":true,"href":"https:\/\/www.experienciesculturals.cat\/es\/wp-json\/wp\/v2\/comments?post=2644"}],"wp:featuredmedia":[{"embeddable":true,"href":"https:\/\/www.experienciesculturals.cat\/es\/wp-json\/wp\/v2\/media\/2892"}],"wp:attachment":[{"href":"https:\/\/www.experienciesculturals.cat\/es\/wp-json\/wp\/v2\/media?parent=2644"}],"wp:term":[{"taxonomy":"product_brand","embeddable":true,"href":"https:\/\/www.experienciesculturals.cat\/es\/wp-json\/wp\/v2\/product_brand?post=2644"},{"taxonomy":"product_cat","embeddable":true,"href":"https:\/\/www.experienciesculturals.cat\/es\/wp-json\/wp\/v2\/product_cat?post=2644"},{"taxonomy":"product_tag","embeddable":true,"href":"https:\/\/www.experienciesculturals.cat\/es\/wp-json\/wp\/v2\/product_tag?post=2644"}],"curies":[{"name":"wp","href":"https:\/\/api.w.org\/{rel}","templated":true}]}}