{"id":3208,"date":"2021-12-15T16:56:30","date_gmt":"2021-12-15T14:56:30","guid":{"rendered":"http:\/\/experienciesculturals.cat\/about-us\/"},"modified":"2021-12-29T13:23:54","modified_gmt":"2021-12-29T11:23:54","slug":"qui-sommes-nous","status":"publish","type":"page","link":"https:\/\/www.experienciesculturals.cat\/fr\/qui-sommes-nous\/","title":{"rendered":"Qui sommes-nous?"},"content":{"rendered":"<p>[et_pb_section fb_built=\u00a0\u00bb1&Prime; custom_padding_last_edited=\u00a0\u00bbon|desktop\u00a0\u00bb admin_label=\u00a0\u00bbHeader\u00a0\u00bb _builder_version=\u00a0\u00bb4.14.2&Prime; background_color=\u00a0\u00bbRGBA(255,255,255,0)\u00a0\u00bb use_background_color_gradient=\u00a0\u00bbon\u00a0\u00bb background_color_gradient_start=\u00a0\u00bbrgba(175,164,96,0.8)\u00a0\u00bb background_color_gradient_end=\u00a0\u00bbrgba(255,255,255,0)\u00a0\u00bb background_color_gradient_start_position=\u00a0\u00bb29%\u00a0\u00bb background_color_gradient_overlays_image=\u00a0\u00bbon\u00a0\u00bb background_image=\u00a0\u00bbhttp:\/\/experienciesculturals.cat\/wp-content\/uploads\/2021\/12\/home-7.jpg\u00a0\u00bb background_position=\u00a0\u00bbbottom_center\u00a0\u00bb custom_padding=\u00a0\u00bb||100px||false|false\u00a0\u00bb custom_padding_tablet=\u00a0\u00bb0px||5vw\u00a0\u00bb custom_padding_phone=\u00a0\u00bb\u00a0\u00bb box_shadow_vertical_tablet=\u00a0\u00bb\u00a0\u00bb box_shadow_vertical_phone=\u00a0\u00bb\u00a0\u00bb box_shadow_vertical_last_edited=\u00a0\u00bbon|tablet\u00a0\u00bb locked=\u00a0\u00bboff\u00a0\u00bb global_colors_info=\u00a0\u00bb{}\u00a0\u00bb][et_pb_row _builder_version=\u00a0\u00bb3.25&Prime; module_alignment=\u00a0\u00bbcenter\u00a0\u00bb locked=\u00a0\u00bboff\u00a0\u00bb global_colors_info=\u00a0\u00bb{}\u00a0\u00bb][et_pb_column type=\u00a0\u00bb4_4&Prime; _builder_version=\u00a0\u00bb3.25&Prime; custom_padding=\u00a0\u00bb|||\u00a0\u00bb global_colors_info=\u00a0\u00bb{}\u00a0\u00bb custom_padding__hover=\u00a0\u00bb|||\u00a0\u00bb][et_pb_text _builder_version=\u00a0\u00bb4.14.4&Prime; text_font=\u00a0\u00bbLato||||||||\u00a0\u00bb text_font_size=\u00a0\u00bb22px\u00a0\u00bb text_line_height=\u00a0\u00bb1.8em\u00a0\u00bb header_font=\u00a0\u00bbPT Serif|700|||||||\u00a0\u00bb header_font_size=\u00a0\u00bb80px\u00a0\u00bb header_line_height=\u00a0\u00bb1.2em\u00a0\u00bb background_layout=\u00a0\u00bbdark\u00a0\u00bb hover_enabled=\u00a0\u00bb0&Prime; text_font_size_tablet=\u00a0\u00bb\u00a0\u00bb text_font_size_phone=\u00a0\u00bb18px\u00a0\u00bb text_font_size_last_edited=\u00a0\u00bbon|phone\u00a0\u00bb header_font_size_tablet=\u00a0\u00bb60px\u00a0\u00bb header_font_size_phone=\u00a0\u00bb36px\u00a0\u00bb header_font_size_last_edited=\u00a0\u00bbon|phone\u00a0\u00bb global_colors_info=\u00a0\u00bb{}\u00a0\u00bb sticky_enabled=\u00a0\u00bb0&Prime;]<\/p>\n<h1>Qui sommes-nous?<\/h1>\n<p>[\/et_pb_text][et_pb_divider color=\u00a0\u00bb#ffffff\u00a0\u00bb divider_weight=\u00a0\u00bb5px\u00a0\u00bb _builder_version=\u00a0\u00bb3.23.3&Prime; max_width=\u00a0\u00bb100px\u00a0\u00bb locked=\u00a0\u00bboff\u00a0\u00bb global_colors_info=\u00a0\u00bb{}\u00a0\u00bb][\/et_pb_divider][\/et_pb_column][\/et_pb_row][\/et_pb_section][et_pb_section fb_built=\u00a0\u00bb1&Prime; admin_label=\u00a0\u00bbPromo\u00a0\u00bb _builder_version=\u00a0\u00bb3.24&Prime; global_colors_info=\u00a0\u00bb{}\u00a0\u00bb][et_pb_row _builder_version=\u00a0\u00bb3.25&Prime; locked=\u00a0\u00bboff\u00a0\u00bb global_colors_info=\u00a0\u00bb{}\u00a0\u00bb][et_pb_column type=\u00a0\u00bb4_4&Prime; _builder_version=\u00a0\u00bb3.25&Prime; custom_padding=\u00a0\u00bb|||\u00a0\u00bb global_colors_info=\u00a0\u00bb{}\u00a0\u00bb custom_padding__hover=\u00a0\u00bb|||\u00a0\u00bb][et_pb_text admin_label=\u00a0\u00bbque fem\u00a0\u00bb _builder_version=\u00a0\u00bb4.14.4&Prime; text_font=\u00a0\u00bbLato||||||||\u00a0\u00bb text_font_size=\u00a0\u00bb18px\u00a0\u00bb text_line_height=\u00a0\u00bb1.8em\u00a0\u00bb header_font=\u00a0\u00bb||||||||\u00a0\u00bb header_2_font=\u00a0\u00bb||||||||\u00a0\u00bb header_3_font=\u00a0\u00bbLato|900|||||||\u00a0\u00bb header_3_font_size=\u00a0\u00bb26px\u00a0\u00bb header_3_line_height=\u00a0\u00bb1.6em\u00a0\u00bb background_color=\u00a0\u00bb#ffffff\u00a0\u00bb text_orientation=\u00a0\u00bbjustify\u00a0\u00bb max_width=\u00a0\u00bb800px\u00a0\u00bb module_alignment=\u00a0\u00bbcenter\u00a0\u00bb custom_margin_tablet=\u00a0\u00bb|||0px\u00a0\u00bb custom_margin_phone=\u00a0\u00bb-200px||\u00a0\u00bb custom_margin_last_edited=\u00a0\u00bboff|desktop\u00a0\u00bb custom_padding=\u00a0\u00bb50px|40px|50px|40px|true|true\u00a0\u00bb custom_padding_tablet=\u00a0\u00bb\u00a0\u00bb custom_padding_phone=\u00a0\u00bb30px|20px|30px|20px|true|true\u00a0\u00bb custom_padding_last_edited=\u00a0\u00bbon|desktop\u00a0\u00bb hover_enabled=\u00a0\u00bb0&Prime; text_font_size_tablet=\u00a0\u00bb\u00a0\u00bb text_font_size_phone=\u00a0\u00bb15px\u00a0\u00bb text_font_size_last_edited=\u00a0\u00bbon|desktop\u00a0\u00bb header_3_font_size_tablet=\u00a0\u00bb20px\u00a0\u00bb header_3_font_size_phone=\u00a0\u00bb16px\u00a0\u00bb header_3_font_size_last_edited=\u00a0\u00bbon|desktop\u00a0\u00bb custom_css_main_element=\u00a0\u00bbposition: relative;\u00a0\u00bb box_shadow_style=\u00a0\u00bbpreset3&Prime; box_shadow_blur=\u00a0\u00bb100px\u00a0\u00bb box_shadow_color=\u00a0\u00bbrgba(0,0,0,0.12)\u00a0\u00bb text_text_align=\u00a0\u00bbjustify\u00a0\u00bb locked=\u00a0\u00bboff\u00a0\u00bb global_colors_info=\u00a0\u00bb{}\u00a0\u00bb sticky_enabled=\u00a0\u00bb0&Prime;]<\/p>\n<h3>Que faisons-nous?<\/h3>\n<p>Votre curiosit\u00e9 vous donne envie de d\u00e9couvrir les r\u00e9gions de <strong>La Selva<\/strong>, <strong>G\u00e9rone<\/strong>,<strong> la Costa Brava<\/strong> et leurs alentours ? Envie de prendre plaisir \u00e0 d\u00e9couvrir des endroits, des <strong>histoires, des curiosit\u00e9s et des l\u00e9gendes <\/strong>? Ne cherchez plus\u00a0! <strong>Nous sommes sp\u00e9cialis\u00e9s dans les r\u00e9gions o\u00f9 nous proposons des visites, routes et exp\u00e9riences culturelles<\/strong>. Avec nous, vous verrez que la <strong>Catalogne est un territoire historique de premier choix !<\/strong><\/p>\n<p><img loading=\"lazy\" decoding=\"async\" class=\"aligncenter wp-image-303 size-medium\" src=\"http:\/\/experienciesculturals.cat\/wp-content\/uploads\/2016\/06\/portada_EC-185x300.jpg\" alt=\"portada_EC\" width=\"185\" height=\"300\" srcset=\"https:\/\/www.experienciesculturals.cat\/wp-content\/uploads\/2016\/06\/portada_EC-185x300.jpg 185w, https:\/\/www.experienciesculturals.cat\/wp-content\/uploads\/2016\/06\/portada_EC-100x162.jpg 100w, https:\/\/www.experienciesculturals.cat\/wp-content\/uploads\/2016\/06\/portada_EC-150x243.jpg 150w, https:\/\/www.experienciesculturals.cat\/wp-content\/uploads\/2016\/06\/portada_EC-200x324.jpg 200w, https:\/\/www.experienciesculturals.cat\/wp-content\/uploads\/2016\/06\/portada_EC-300x485.jpg 300w, https:\/\/www.experienciesculturals.cat\/wp-content\/uploads\/2016\/06\/portada_EC.jpg 351w\" sizes=\"(max-width: 185px) 100vw, 185px\" \/><\/p>\n<p>[\/et_pb_text][\/et_pb_column][\/et_pb_row][et_pb_row _builder_version=\u00a0\u00bb3.25&Prime; locked=\u00a0\u00bboff\u00a0\u00bb global_colors_info=\u00a0\u00bb{}\u00a0\u00bb][et_pb_column type=\u00a0\u00bb4_4&Prime; _builder_version=\u00a0\u00bb3.25&Prime; custom_padding=\u00a0\u00bb|||\u00a0\u00bb global_colors_info=\u00a0\u00bb{}\u00a0\u00bb custom_padding__hover=\u00a0\u00bb|||\u00a0\u00bb][et_pb_text admin_label=\u00a0\u00bbqui som\u00a0\u00bb _builder_version=\u00a0\u00bb4.14.4&Prime; text_font=\u00a0\u00bbLato||||||||\u00a0\u00bb text_font_size=\u00a0\u00bb18px\u00a0\u00bb text_line_height=\u00a0\u00bb1.8em\u00a0\u00bb header_font=\u00a0\u00bb||||||||\u00a0\u00bb header_2_font=\u00a0\u00bb||||||||\u00a0\u00bb header_3_font=\u00a0\u00bbLato|900|||||||\u00a0\u00bb header_3_font_size=\u00a0\u00bb26px\u00a0\u00bb header_3_line_height=\u00a0\u00bb1.6em\u00a0\u00bb background_color=\u00a0\u00bb#ffffff\u00a0\u00bb text_orientation=\u00a0\u00bbjustify\u00a0\u00bb max_width=\u00a0\u00bb800px\u00a0\u00bb module_alignment=\u00a0\u00bbcenter\u00a0\u00bb custom_margin_tablet=\u00a0\u00bb|||0px\u00a0\u00bb custom_margin_phone=\u00a0\u00bb-200px||\u00a0\u00bb custom_margin_last_edited=\u00a0\u00bboff|desktop\u00a0\u00bb custom_padding=\u00a0\u00bb50px|40px|50px|40px|true|true\u00a0\u00bb custom_padding_tablet=\u00a0\u00bb\u00a0\u00bb custom_padding_phone=\u00a0\u00bb30px|20px|30px|20px|true|true\u00a0\u00bb custom_padding_last_edited=\u00a0\u00bbon|desktop\u00a0\u00bb hover_enabled=\u00a0\u00bb0&Prime; text_font_size_tablet=\u00a0\u00bb\u00a0\u00bb text_font_size_phone=\u00a0\u00bb15px\u00a0\u00bb text_font_size_last_edited=\u00a0\u00bbon|desktop\u00a0\u00bb header_3_font_size_tablet=\u00a0\u00bb20px\u00a0\u00bb header_3_font_size_phone=\u00a0\u00bb16px\u00a0\u00bb header_3_font_size_last_edited=\u00a0\u00bbon|desktop\u00a0\u00bb custom_css_main_element=\u00a0\u00bbposition: relative;\u00a0\u00bb box_shadow_style=\u00a0\u00bbpreset3&Prime; box_shadow_blur=\u00a0\u00bb100px\u00a0\u00bb box_shadow_color=\u00a0\u00bbrgba(0,0,0,0.12)\u00a0\u00bb text_text_align=\u00a0\u00bbjustify\u00a0\u00bb locked=\u00a0\u00bboff\u00a0\u00bb global_colors_info=\u00a0\u00bb{}\u00a0\u00bb sticky_enabled=\u00a0\u00bb0&Prime;]<\/p>\n<h3>Qui sommes-nous?<\/h3>\n<p>Nos historiens, arch\u00e9ologues et documentalistes jouissent de profondes connaissances du <strong>territoire, de l\u2019histoire et du patrimoine de la Catalogne, de G\u00e9rone et, surtout, de la r\u00e9gion de La Selva<\/strong>.<\/p>\n<p><strong>Nous sommes une DMC sp\u00e9cialis\u00e9e en tourisme culturel, historique et arch\u00e9ologique dans les r\u00e9gions de La Selva, G\u00e9rone et la Costa Brava<\/strong>.<\/p>\n<p>Pour mieux nous conna\u00eetre, n\u2019h\u00e9sitez pas \u00e0 consulter le site d\u2019Atri Cultura i Patrimoni SLU <a href=\"http:\/\/www.atri.cat\/empresa\">http:\/\/www.atri.cat\/empresa <\/a><\/p>\n<p>[\/et_pb_text][\/et_pb_column][\/et_pb_row][et_pb_row _builder_version=\u00a0\u00bb3.25&Prime; locked=\u00a0\u00bboff\u00a0\u00bb global_colors_info=\u00a0\u00bb{}\u00a0\u00bb][et_pb_column type=\u00a0\u00bb4_4&Prime; _builder_version=\u00a0\u00bb3.25&Prime; custom_padding=\u00a0\u00bb|||\u00a0\u00bb global_colors_info=\u00a0\u00bb{}\u00a0\u00bb custom_padding__hover=\u00a0\u00bb|||\u00a0\u00bb][et_pb_text admin_label=\u00a0\u00bbque oferim\u00a0\u00bb _builder_version=\u00a0\u00bb4.14.4&Prime; text_font=\u00a0\u00bbLato||||||||\u00a0\u00bb text_font_size=\u00a0\u00bb18px\u00a0\u00bb text_line_height=\u00a0\u00bb1.8em\u00a0\u00bb header_font=\u00a0\u00bb||||||||\u00a0\u00bb header_2_font=\u00a0\u00bb||||||||\u00a0\u00bb header_3_font=\u00a0\u00bbLato|900|||||||\u00a0\u00bb header_3_font_size=\u00a0\u00bb26px\u00a0\u00bb header_3_line_height=\u00a0\u00bb1.6em\u00a0\u00bb background_color=\u00a0\u00bb#ffffff\u00a0\u00bb text_orientation=\u00a0\u00bbjustify\u00a0\u00bb max_width=\u00a0\u00bb800px\u00a0\u00bb module_alignment=\u00a0\u00bbcenter\u00a0\u00bb custom_margin_tablet=\u00a0\u00bb|||0px\u00a0\u00bb custom_margin_phone=\u00a0\u00bb-200px||\u00a0\u00bb custom_margin_last_edited=\u00a0\u00bboff|desktop\u00a0\u00bb custom_padding=\u00a0\u00bb50px|40px|50px|40px|true|true\u00a0\u00bb custom_padding_tablet=\u00a0\u00bb\u00a0\u00bb custom_padding_phone=\u00a0\u00bb30px|20px|30px|20px|true|true\u00a0\u00bb custom_padding_last_edited=\u00a0\u00bbon|desktop\u00a0\u00bb hover_enabled=\u00a0\u00bb0&Prime; text_font_size_tablet=\u00a0\u00bb\u00a0\u00bb text_font_size_phone=\u00a0\u00bb15px\u00a0\u00bb text_font_size_last_edited=\u00a0\u00bbon|desktop\u00a0\u00bb header_3_font_size_tablet=\u00a0\u00bb20px\u00a0\u00bb header_3_font_size_phone=\u00a0\u00bb16px\u00a0\u00bb header_3_font_size_last_edited=\u00a0\u00bbon|desktop\u00a0\u00bb custom_css_main_element=\u00a0\u00bbposition: relative;\u00a0\u00bb box_shadow_style=\u00a0\u00bbpreset3&Prime; box_shadow_blur=\u00a0\u00bb100px\u00a0\u00bb box_shadow_color=\u00a0\u00bbrgba(0,0,0,0.12)\u00a0\u00bb text_text_align=\u00a0\u00bbjustify\u00a0\u00bb locked=\u00a0\u00bboff\u00a0\u00bb global_colors_info=\u00a0\u00bb{}\u00a0\u00bb sticky_enabled=\u00a0\u00bb0&Prime;]<\/p>\n<h3>Que vous proposons-nous?<\/h3>\n<p>D\u00e9couvrez les r\u00e9gions de <strong>La Selva, G\u00e9rone et la Costa Brava<\/strong> autrement, en vous \u00e9mouvant \u00e0 travers notre histoire et en savourant notre terroir.<\/p>\n<p>&nbsp;<\/p>\n<p>[\/et_pb_text][\/et_pb_column][\/et_pb_row][et_pb_row _builder_version=\u00a0\u00bb3.25&Prime; locked=\u00a0\u00bboff\u00a0\u00bb global_colors_info=\u00a0\u00bb{}\u00a0\u00bb][et_pb_column type=\u00a0\u00bb4_4&Prime; _builder_version=\u00a0\u00bb3.25&Prime; custom_padding=\u00a0\u00bb|||\u00a0\u00bb global_colors_info=\u00a0\u00bb{}\u00a0\u00bb custom_padding__hover=\u00a0\u00bb|||\u00a0\u00bb][et_pb_text admin_label=\u00a0\u00bbCom\u00a0\u00bb _builder_version=\u00a0\u00bb4.14.4&Prime; text_font=\u00a0\u00bbLato||||||||\u00a0\u00bb text_font_size=\u00a0\u00bb18px\u00a0\u00bb text_line_height=\u00a0\u00bb1.8em\u00a0\u00bb header_font=\u00a0\u00bb||||||||\u00a0\u00bb header_2_font=\u00a0\u00bb||||||||\u00a0\u00bb header_3_font=\u00a0\u00bbLato|900|||||||\u00a0\u00bb header_3_font_size=\u00a0\u00bb26px\u00a0\u00bb header_3_line_height=\u00a0\u00bb1.6em\u00a0\u00bb background_color=\u00a0\u00bb#ffffff\u00a0\u00bb text_orientation=\u00a0\u00bbjustify\u00a0\u00bb max_width=\u00a0\u00bb800px\u00a0\u00bb module_alignment=\u00a0\u00bbcenter\u00a0\u00bb custom_margin_tablet=\u00a0\u00bb|||0px\u00a0\u00bb custom_margin_phone=\u00a0\u00bb-200px||\u00a0\u00bb custom_margin_last_edited=\u00a0\u00bboff|desktop\u00a0\u00bb custom_padding=\u00a0\u00bb50px|40px|50px|40px|true|true\u00a0\u00bb custom_padding_tablet=\u00a0\u00bb\u00a0\u00bb custom_padding_phone=\u00a0\u00bb30px|20px|30px|20px|true|true\u00a0\u00bb custom_padding_last_edited=\u00a0\u00bbon|desktop\u00a0\u00bb hover_enabled=\u00a0\u00bb0&Prime; text_font_size_tablet=\u00a0\u00bb\u00a0\u00bb text_font_size_phone=\u00a0\u00bb15px\u00a0\u00bb text_font_size_last_edited=\u00a0\u00bbon|desktop\u00a0\u00bb header_3_font_size_tablet=\u00a0\u00bb20px\u00a0\u00bb header_3_font_size_phone=\u00a0\u00bb16px\u00a0\u00bb header_3_font_size_last_edited=\u00a0\u00bbon|desktop\u00a0\u00bb custom_css_main_element=\u00a0\u00bbposition: relative;\u00a0\u00bb box_shadow_style=\u00a0\u00bbpreset3&Prime; box_shadow_blur=\u00a0\u00bb100px\u00a0\u00bb box_shadow_color=\u00a0\u00bbrgba(0,0,0,0.12)\u00a0\u00bb text_text_align=\u00a0\u00bbjustify\u00a0\u00bb locked=\u00a0\u00bboff\u00a0\u00bb global_colors_info=\u00a0\u00bb{}\u00a0\u00bb sticky_enabled=\u00a0\u00bb0&Prime;]<\/p>\n<h3>Comment?<\/h3>\n<p>\u00c0 travers des <strong>visites, routes et exp\u00e9riences culturelles<\/strong> singuli\u00e8res, de proximit\u00e9, sp\u00e9cialement cr\u00e9\u00e9es et produites par notre \u00e9quipe. Nous vous proposons de <strong>d\u00e9couvrir et de savourer notre cadre naturel et notre patrimoine culturel <\/strong>comme jamais, en compagnie d\u2019experts, d\u2019historiens et d\u2019arch\u00e9ologues!<\/p>\n<p>&nbsp;<\/p>\n<p>[\/et_pb_text][\/et_pb_column][\/et_pb_row][et_pb_row _builder_version=\u00a0\u00bb3.25&Prime; locked=\u00a0\u00bboff\u00a0\u00bb global_colors_info=\u00a0\u00bb{}\u00a0\u00bb][et_pb_column type=\u00a0\u00bb4_4&Prime; _builder_version=\u00a0\u00bb3.25&Prime; custom_padding=\u00a0\u00bb|||\u00a0\u00bb global_colors_info=\u00a0\u00bb{}\u00a0\u00bb custom_padding__hover=\u00a0\u00bb|||\u00a0\u00bb][et_pb_text admin_label=\u00a0\u00bbperqu\u00e8\u00a0\u00bb _builder_version=\u00a0\u00bb4.14.4&Prime; text_font=\u00a0\u00bbLato||||||||\u00a0\u00bb text_font_size=\u00a0\u00bb18px\u00a0\u00bb text_line_height=\u00a0\u00bb1.8em\u00a0\u00bb header_font=\u00a0\u00bb||||||||\u00a0\u00bb header_2_font=\u00a0\u00bb||||||||\u00a0\u00bb header_3_font=\u00a0\u00bbLato|900|||||||\u00a0\u00bb header_3_font_size=\u00a0\u00bb26px\u00a0\u00bb header_3_line_height=\u00a0\u00bb1.6em\u00a0\u00bb background_color=\u00a0\u00bb#ffffff\u00a0\u00bb text_orientation=\u00a0\u00bbjustify\u00a0\u00bb max_width=\u00a0\u00bb800px\u00a0\u00bb module_alignment=\u00a0\u00bbcenter\u00a0\u00bb custom_margin_tablet=\u00a0\u00bb|||0px\u00a0\u00bb custom_margin_phone=\u00a0\u00bb-200px||\u00a0\u00bb custom_margin_last_edited=\u00a0\u00bboff|desktop\u00a0\u00bb custom_padding=\u00a0\u00bb50px|40px|50px|40px|true|true\u00a0\u00bb custom_padding_tablet=\u00a0\u00bb\u00a0\u00bb custom_padding_phone=\u00a0\u00bb30px|20px|30px|20px|true|true\u00a0\u00bb custom_padding_last_edited=\u00a0\u00bbon|desktop\u00a0\u00bb hover_enabled=\u00a0\u00bb0&Prime; text_font_size_tablet=\u00a0\u00bb\u00a0\u00bb text_font_size_phone=\u00a0\u00bb15px\u00a0\u00bb text_font_size_last_edited=\u00a0\u00bbon|desktop\u00a0\u00bb header_3_font_size_tablet=\u00a0\u00bb20px\u00a0\u00bb header_3_font_size_phone=\u00a0\u00bb16px\u00a0\u00bb header_3_font_size_last_edited=\u00a0\u00bbon|desktop\u00a0\u00bb custom_css_main_element=\u00a0\u00bbposition: relative;\u00a0\u00bb box_shadow_style=\u00a0\u00bbpreset3&Prime; box_shadow_blur=\u00a0\u00bb100px\u00a0\u00bb box_shadow_color=\u00a0\u00bbrgba(0,0,0,0.12)\u00a0\u00bb text_text_align=\u00a0\u00bbjustify\u00a0\u00bb locked=\u00a0\u00bboff\u00a0\u00bb global_colors_info=\u00a0\u00bb{}\u00a0\u00bb sticky_enabled=\u00a0\u00bb0&Prime;]<\/p>\n<h3>Pourquoi?<\/h3>\n<p><strong>QUI SOMMES-NOUS\u00a0?<\/strong><\/p>\n<ul>\n<li>Nous sommes une entreprise familiale d\u2019historiens, arch\u00e9ologues et documentalistes qui propose un vaste choix de services techniques, arch\u00e9ologiques, culturels et touristiques depuis 2013.<\/li>\n<li>Notre sp\u00e9cialit\u00e9\u00a0? Les activit\u00e9s de tourisme culturel et arch\u00e9ologique \u00e0 La Selva, G\u00e9rone et la Costa Brava, en Catalogne.<\/li>\n<li>Notre objectif est de faire d\u00e9couvrir des endroits et histoires peu connues qui rev\u00eatent une grande valeur culturelle, historique et paysag\u00e8re.<\/li>\n<\/ul>\n<p><strong>POURQUOI ATRI CULTURA ?<\/strong><\/p>\n<ul>\n<li>Parce que nous aimons expliquer et faire part de notre patrimoine et de notre histoire de mani\u00e8re authentique, telle quelle, avec rigueur, aupr\u00e8s de tous les publics.<\/li>\n<li>Parce que nos activit\u00e9s sont propos\u00e9es par des historiens et des arch\u00e9ologues chevronn\u00e9s en mati\u00e8re de divulgation historique, arch\u00e9ologique et patrimoniale.<\/li>\n<li>Parce que nous cr\u00e9ons et r\u00e9alisons nos propres visites, routes et exp\u00e9riences.<\/li>\n<li>Parce que nous valorisons la terre o\u00f9 nous sommes n\u00e9s et o\u00f9 nous vivons, et que nous la connaissons et veillons \u00e0 transmettre ses secrets patrimoniaux ainsi que ses valeurs naturelles et paysag\u00e8res.<\/li>\n<li>Parce qu\u2019en faisant d\u00e9couvrir notre terroir, nous \u0153uvrons en faveur de l\u2019\u00e9conomie locale et des produits de proximit\u00e9.<\/li>\n<\/ul>\n<p><strong>\u21d2<\/strong><strong> Nous g\u00e9n\u00e9rons des connaissances locales<\/strong> <br \/>D\u00e9couvrir notre cadre naturel et notre histoire est la meilleure mani\u00e8re d\u2019en assurer la conservation, la subsistance et la transmission \u00e0 travers les g\u00e9n\u00e9rations futures.<br \/>Nous collaborons avec des petites entreprises et des petits producteurs locaux et diffusons les valeurs patrimoniales de la r\u00e9gion.<\/p>\n<p><strong>\u21d2<\/strong><strong> L\u2019enracinement au sein du territoire<\/strong><br \/>En tant qu\u2019h\u00f4te de notre r\u00e9gion, nous vous emmenons \u00e0 la d\u00e9couverte d\u2019endroits peu connus de nos sites naturels et historiques en vue d\u2019\u00e9veiller votre curiosit\u00e9 quant \u00e0 notre pass\u00e9 historique collectif et de mettre en valeur la richesse historique de nos r\u00e9gions.<\/p>\n<p><strong>\u21d2<\/strong><strong> Durabilit\u00e9<\/strong><br \/>Certaines visites culturelles sont accessibles en transport public (g\u00e9n\u00e9ralement en train).<br \/>D\u2019autres ne le sont pas, parce qu\u2019elles se trouvent dans des espaces naturels des Guilleries ou du massif de Cadiretes. Quoiqu\u2019il en soit, le fait de faire les visites en groupes r\u00e9duits contribue \u00e0 la conservation, \u00e0 la protection et \u00e0 la diffusion de la nature.<\/p>\n<p>Nous sommes membres de :<\/p>\n<p><img loading=\"lazy\" decoding=\"async\" width=\"1099\" height=\"156\" class=\"alignnone wp-image-796\" style=\"width: 100%;\" src=\"http:\/\/experienciesculturals.cat\/wp-content\/uploads\/2020\/12\/2020_banner_atricultura_v2.jpg\" alt=\"2020_banner_atricultura_v2\" srcset=\"https:\/\/www.experienciesculturals.cat\/wp-content\/uploads\/2020\/12\/2020_banner_atricultura_v2.jpg 1099w, https:\/\/www.experienciesculturals.cat\/wp-content\/uploads\/2020\/12\/2020_banner_atricultura_v2-600x85.jpg 600w, https:\/\/www.experienciesculturals.cat\/wp-content\/uploads\/2020\/12\/2020_banner_atricultura_v2-300x43.jpg 300w, https:\/\/www.experienciesculturals.cat\/wp-content\/uploads\/2020\/12\/2020_banner_atricultura_v2-768x109.jpg 768w, https:\/\/www.experienciesculturals.cat\/wp-content\/uploads\/2020\/12\/2020_banner_atricultura_v2-1024x145.jpg 1024w, https:\/\/www.experienciesculturals.cat\/wp-content\/uploads\/2020\/12\/2020_banner_atricultura_v2-100x14.jpg 100w, https:\/\/www.experienciesculturals.cat\/wp-content\/uploads\/2020\/12\/2020_banner_atricultura_v2-150x21.jpg 150w, https:\/\/www.experienciesculturals.cat\/wp-content\/uploads\/2020\/12\/2020_banner_atricultura_v2-200x28.jpg 200w, https:\/\/www.experienciesculturals.cat\/wp-content\/uploads\/2020\/12\/2020_banner_atricultura_v2-450x64.jpg 450w, https:\/\/www.experienciesculturals.cat\/wp-content\/uploads\/2020\/12\/2020_banner_atricultura_v2-900x128.jpg 900w\" sizes=\"(max-width: 1099px) 100vw, 1099px\" \/><\/p>\n<p>[\/et_pb_text][et_pb_image src=\u00a0\u00bbhttp:\/\/experienciesculturals.cat\/wp-content\/uploads\/2021\/12\/2019_targeta_AtriCultura.jpg\u00a0\u00bb title_text=\u00a0\u00bb2019_targeta_AtriCultura\u00a0\u00bb _builder_version=\u00a0\u00bb4.14.2&Prime; _module_preset=\u00a0\u00bbdefault\u00a0\u00bb width=\u00a0\u00bb59%\u00a0\u00bb module_alignment=\u00a0\u00bbcenter\u00a0\u00bb global_colors_info=\u00a0\u00bb{}\u00a0\u00bb][\/et_pb_image][\/et_pb_column][\/et_pb_row][\/et_pb_section]<\/p>\n","protected":false},"excerpt":{"rendered":"<p>Qui sommes-nous?Que faisons-nous? Votre curiosit\u00e9 vous donne envie de d\u00e9couvrir les r\u00e9gions de La Selva, G\u00e9rone, la Costa Brava et leurs alentours ? Envie de prendre plaisir \u00e0 d\u00e9couvrir des endroits, des histoires, des curiosit\u00e9s et des l\u00e9gendes ? Ne cherchez plus\u00a0! Nous sommes sp\u00e9cialis\u00e9s dans les r\u00e9gions o\u00f9 nous proposons des visites, routes et [&hellip;]<\/p>\n","protected":false},"author":1,"featured_media":0,"parent":0,"menu_order":0,"comment_status":"closed","ping_status":"closed","template":"","meta":{"_et_pb_use_builder":"on","_et_pb_old_content":"","_et_gb_content_width":"","footnotes":""},"class_list":["post-3208","page","type-page","status-publish","hentry"],"_links":{"self":[{"href":"https:\/\/www.experienciesculturals.cat\/fr\/wp-json\/wp\/v2\/pages\/3208","targetHints":{"allow":["GET"]}}],"collection":[{"href":"https:\/\/www.experienciesculturals.cat\/fr\/wp-json\/wp\/v2\/pages"}],"about":[{"href":"https:\/\/www.experienciesculturals.cat\/fr\/wp-json\/wp\/v2\/types\/page"}],"author":[{"embeddable":true,"href":"https:\/\/www.experienciesculturals.cat\/fr\/wp-json\/wp\/v2\/users\/1"}],"replies":[{"embeddable":true,"href":"https:\/\/www.experienciesculturals.cat\/fr\/wp-json\/wp\/v2\/comments?post=3208"}],"version-history":[{"count":0,"href":"https:\/\/www.experienciesculturals.cat\/fr\/wp-json\/wp\/v2\/pages\/3208\/revisions"}],"wp:attachment":[{"href":"https:\/\/www.experienciesculturals.cat\/fr\/wp-json\/wp\/v2\/media?parent=3208"}],"curies":[{"name":"wp","href":"https:\/\/api.w.org\/{rel}","templated":true}]}}