{"id":3234,"date":"2021-12-21T11:16:08","date_gmt":"2021-12-21T09:16:08","guid":{"rendered":"http:\/\/experienciesculturals.cat\/activities\/"},"modified":"2022-01-03T17:42:26","modified_gmt":"2022-01-03T15:42:26","slug":"activites","status":"publish","type":"page","link":"https:\/\/www.experienciesculturals.cat\/fr\/activites\/","title":{"rendered":"Activit\u00e9s"},"content":{"rendered":"<p>[et_pb_section fb_built=\u00a0\u00bb1&Prime; custom_padding_last_edited=\u00a0\u00bbon|desktop\u00a0\u00bb admin_label=\u00a0\u00bbHeader\u00a0\u00bb _builder_version=\u00a0\u00bb4.14.2&Prime; background_color=\u00a0\u00bb#FFFFFF\u00a0\u00bb background_image=\u00a0\u00bbhttp:\/\/experienciesculturals.cat\/wp-content\/uploads\/2021\/12\/rocas-dark.jpg\u00a0\u00bb background_size=\u00a0\u00bbcontain\u00a0\u00bb background_position=\u00a0\u00bbtop_center\u00a0\u00bb custom_padding=\u00a0\u00bb||0px||false|false\u00a0\u00bb custom_padding_tablet=\u00a0\u00bb0px||5vw\u00a0\u00bb custom_padding_phone=\u00a0\u00bb\u00a0\u00bb box_shadow_vertical_tablet=\u00a0\u00bb\u00a0\u00bb box_shadow_vertical_phone=\u00a0\u00bb\u00a0\u00bb box_shadow_vertical_last_edited=\u00a0\u00bbon|tablet\u00a0\u00bb locked=\u00a0\u00bboff\u00a0\u00bb global_colors_info=\u00a0\u00bb{}\u00a0\u00bb][et_pb_row _builder_version=\u00a0\u00bb3.25&Prime; module_alignment=\u00a0\u00bbcenter\u00a0\u00bb locked=\u00a0\u00bboff\u00a0\u00bb global_colors_info=\u00a0\u00bb{}\u00a0\u00bb][et_pb_column type=\u00a0\u00bb4_4&Prime; _builder_version=\u00a0\u00bb3.25&Prime; custom_padding=\u00a0\u00bb|||\u00a0\u00bb global_colors_info=\u00a0\u00bb{}\u00a0\u00bb custom_padding__hover=\u00a0\u00bb|||\u00a0\u00bb][et_pb_text _builder_version=\u00a0\u00bb4.14.4&Prime; text_font=\u00a0\u00bbLato||||||||\u00a0\u00bb text_font_size=\u00a0\u00bb22px\u00a0\u00bb text_line_height=\u00a0\u00bb1.8em\u00a0\u00bb header_font=\u00a0\u00bbPT Serif|700|||||||\u00a0\u00bb header_font_size=\u00a0\u00bb80px\u00a0\u00bb header_line_height=\u00a0\u00bb1.2em\u00a0\u00bb background_layout=\u00a0\u00bbdark\u00a0\u00bb text_font_size_tablet=\u00a0\u00bb\u00a0\u00bb text_font_size_phone=\u00a0\u00bb18px\u00a0\u00bb text_font_size_last_edited=\u00a0\u00bbon|phone\u00a0\u00bb header_font_size_tablet=\u00a0\u00bb60px\u00a0\u00bb header_font_size_phone=\u00a0\u00bb36px\u00a0\u00bb header_font_size_last_edited=\u00a0\u00bbon|phone\u00a0\u00bb global_colors_info=\u00a0\u00bb{}\u00a0\u00bb]<\/p>\n<h1>Activit\u00e9s<\/h1>\n<p>[\/et_pb_text][et_pb_divider color=\u00a0\u00bb#ffffff\u00a0\u00bb divider_weight=\u00a0\u00bb5px\u00a0\u00bb _builder_version=\u00a0\u00bb3.23.3&Prime; max_width=\u00a0\u00bb100px\u00a0\u00bb locked=\u00a0\u00bboff\u00a0\u00bb global_colors_info=\u00a0\u00bb{}\u00a0\u00bb][\/et_pb_divider][\/et_pb_column][\/et_pb_row][\/et_pb_section][et_pb_section fb_built=\u00a0\u00bb1&Prime; _builder_version=\u00a0\u00bb4.14.2&Prime; _module_preset=\u00a0\u00bbdefault\u00a0\u00bb global_colors_info=\u00a0\u00bb{}\u00a0\u00bb][et_pb_row column_structure=\u00a0\u00bb2_5,3_5&Prime; _builder_version=\u00a0\u00bb3.25&Prime; global_colors_info=\u00a0\u00bb{}\u00a0\u00bb][et_pb_column type=\u00a0\u00bb2_5&Prime; _builder_version=\u00a0\u00bb3.25&Prime; custom_padding=\u00a0\u00bb|||\u00a0\u00bb global_colors_info=\u00a0\u00bb{}\u00a0\u00bb custom_padding__hover=\u00a0\u00bb|||\u00a0\u00bb][et_pb_image src=\u00a0\u00bbhttp:\/\/experienciesculturals.cat\/wp-content\/uploads\/2021\/12\/sight-seeing-45.png\u00a0\u00bb title_text=\u00a0\u00bb2016_Misteris_Blanes_Gotica_Som_Cultura_3rr\u00a0\u00bb align=\u00a0\u00bbright\u00a0\u00bb admin_label=\u00a0\u00bbfoto\u00a0\u00bb _builder_version=\u00a0\u00bb4.14.2&Prime; background_image=\u00a0\u00bbhttp:\/\/experienciesculturals.cat\/wp-content\/uploads\/2016\/11\/2016_Misteris_Blanes_Gotica_Som_Cultura_3rr.jpg\u00a0\u00bb parallax=\u00a0\u00bbon\u00a0\u00bb transform_origin=\u00a0\u00bb70%|50%\u00a0\u00bb max_width_tablet=\u00a0\u00bb400px\u00a0\u00bb max_width_phone=\u00a0\u00bb\u00a0\u00bb max_width_last_edited=\u00a0\u00bbon|desktop\u00a0\u00bb custom_margin=\u00a0\u00bb0px||-32vw|-200px|false|false\u00a0\u00bb custom_margin_tablet=\u00a0\u00bb-20vw||0vw|0px\u00a0\u00bb custom_margin_phone=\u00a0\u00bb0vw||0vw||false|false\u00a0\u00bb custom_margin_last_edited=\u00a0\u00bbon|phone\u00a0\u00bb global_colors_info=\u00a0\u00bb{}\u00a0\u00bb][\/et_pb_image][\/et_pb_column][et_pb_column type=\u00a0\u00bb3_5&Prime; _builder_version=\u00a0\u00bb3.25&Prime; custom_padding=\u00a0\u00bb|||\u00a0\u00bb global_colors_info=\u00a0\u00bb{}\u00a0\u00bb custom_padding__hover=\u00a0\u00bb|||\u00a0\u00bb][et_pb_text _builder_version=\u00a0\u00bb4.14.4&Prime; _module_preset=\u00a0\u00bbdefault\u00a0\u00bb global_colors_info=\u00a0\u00bb{}\u00a0\u00bb]<\/p>\n<p>Nous vous pr\u00e9sentons deux de nos <strong>visites culturelles Premium<\/strong> disponibles. Les visites priv\u00e9es que nous proposons depuis <a href=\"https:\/\/www.atri.cat\/empresa\/\">Atri Cultura i Patrimoni SLU<\/a> vous permettront de d\u00e9couvrir, de mani\u00e8re g\u00e9n\u00e9rale, agr\u00e9able et claire \u2013mais rigoureuse\u2013, l\u2019histoire et le patrimoine culturel du territoire o\u00f9 nous vivons, la Catalogne\u00a0: une terre synonyme de plus de 1 000 ans d\u2019histoire et de langue propre.<\/p>\n<p>Ces activit\u00e9s<strong> de proximit\u00e9 sont propos\u00e9es en groupes priv\u00e9s<\/strong> parce que nous consid\u00e9rons qu\u2019il faut fouler la terre en personne et <strong>vivre les \u00e9l\u00e9ments <em>in situ<\/em><\/strong>.<\/p>\n<p>Le fait que ces activit\u00e9s sont pr\u00e9sent\u00e9es par des sp\u00e9cialistes \u2013historiens et\/ou arch\u00e9ologues professionnels\u2013 qui jouissent d\u2019une <strong>connaissance directe des \u00e9l\u00e9ments et des endroits visit\u00e9s<\/strong> constitue une grande <strong>valeur ajout\u00e9e<\/strong>. Des visites uniques en leur genre\u00a0!<\/p>\n<p><strong>D\u00e9couvrir <\/strong>notre r\u00e9gion, <strong>appr\u00e9cier <\/strong>son patrimoine, <strong>s\u2019inspirer <\/strong>de ses paysages, <strong>photographier <\/strong>ses d\u00e9tails architecturaux et naturels, <strong>fouler <\/strong>le territoire et <strong>respirer<\/strong> la nature\u00a0: telles sont les activit\u00e9s que nous vous invitons \u00e0 venir vivre \u00e0 travers nos <strong>visites culturelles.<\/strong><\/p>\n<p>[\/et_pb_text][et_pb_text _builder_version=\u00a0\u00bb4.14.4&Prime; _module_preset=\u00a0\u00bbdefault\u00a0\u00bb global_colors_info=\u00a0\u00bb{}\u00a0\u00bb]<\/p>\n<h3 style=\"color: #bf7e1c; text-align: center; margin-top: 4rem;\"><strong>Une exp\u00e9rience unique, tr\u00e8s originale, id\u00e9ale pour les groupes priv\u00e9s et petits groupes!<\/strong><\/h3>\n<p>[\/et_pb_text][\/et_pb_column][\/et_pb_row][et_pb_row _builder_version=\u00a0\u00bb4.14.2&Prime; _module_preset=\u00a0\u00bbdefault\u00a0\u00bb global_colors_info=\u00a0\u00bb{}\u00a0\u00bb][et_pb_column type=\u00a0\u00bb4_4&Prime; _builder_version=\u00a0\u00bb4.14.2&Prime; _module_preset=\u00a0\u00bbdefault\u00a0\u00bb global_colors_info=\u00a0\u00bb{}\u00a0\u00bb][\/et_pb_column][\/et_pb_row][\/et_pb_section][et_pb_section fb_built=\u00a0\u00bb1&Prime; admin_label=\u00a0\u00bbEvents\u00a0\u00bb _builder_version=\u00a0\u00bb3.24&Prime; global_colors_info=\u00a0\u00bb{}\u00a0\u00bb][et_pb_row column_structure=\u00a0\u00bb1_2,1_2&Prime; _builder_version=\u00a0\u00bb3.25&Prime; global_colors_info=\u00a0\u00bb{}\u00a0\u00bb][et_pb_column type=\u00a0\u00bb1_2&Prime; _builder_version=\u00a0\u00bb3.25&Prime; custom_padding=\u00a0\u00bb|||\u00a0\u00bb global_colors_info=\u00a0\u00bb{}\u00a0\u00bb custom_padding__hover=\u00a0\u00bb|||\u00a0\u00bb][et_pb_image src=\u00a0\u00bbhttp:\/\/experienciesculturals.cat\/wp-content\/uploads\/2021\/12\/2022_VC14_Caldes_FR-1024&#215;726.jpg\u00a0\u00bb title_text=\u00a0\u00bb2022_VC14_Caldes_FR\u00a0\u00bb _builder_version=\u00a0\u00bb4.14.4&Prime; global_colors_info=\u00a0\u00bb{}\u00a0\u00bb][\/et_pb_image][et_pb_text _builder_version=\u00a0\u00bb4.14.4&Prime; text_font=\u00a0\u00bb||||||||\u00a0\u00bb text_line_height=\u00a0\u00bb1.9em\u00a0\u00bb header_3_font=\u00a0\u00bbLato|700|||||||\u00a0\u00bb header_3_font_size=\u00a0\u00bb18px\u00a0\u00bb header_3_line_height=\u00a0\u00bb1.4em\u00a0\u00bb custom_margin=\u00a0\u00bb||\u00a0\u00bb custom_margin_tablet=\u00a0\u00bb||30px\u00a0\u00bb custom_margin_last_edited=\u00a0\u00bboff|desktop\u00a0\u00bb global_colors_info=\u00a0\u00bb{}\u00a0\u00bb]<\/p>\n<h2>Visite culturelle : Caldes thermale et moderniste<\/h2>\n<p><strong>Description de l\u2019activit\u00e9 :<\/strong><\/p>\n<ul>\n<li>Une exp\u00e9rience tr\u00e8s sp\u00e9ciale, unique, qui comprend une visite locale en compagnie d\u2019un membre de l\u2019\u00e9quipe charg\u00e9e des derni\u00e8res fouilles r\u00e9alis\u00e9es dans la cit\u00e9 romaine d\u2019<em>Aquae Calidae<\/em>. Qui de mieux pour expliquer les secrets et les curiosit\u00e9s d\u2019un site arch\u00e9ologique romain de plus de 2 000 ans ?<\/li>\n<li>Visite des Thermes romaines et d\u00e9couverte des r\u00e9centes trouvailles arch\u00e9ologiques de l\u2019ancienne <em>Aquae Calidae.<\/em><\/li>\n<li>D\u00e9couverte des origines thermales de la cit\u00e9, des raisons pour lesquelles les Romains y ont \u00e9tabli une des vingt villes romaines de Catalogne, et de la mani\u00e8re dont ils profitaient des eaux thermales comme on le fait encore aujourd\u2019hui dans les deux stations baln\u00e9aires locales.<\/li>\n<li>Balade dans les rues de Caldes \u00e0 la d\u00e9couverte de l\u2019architecture moderniste li\u00e9e au thermalisme et \u00e0 la vill\u00e9giature, notamment les stations baln\u00e9aires Prats et Vichy Catalan.<\/li>\n<\/ul>\n<p>[\/et_pb_text][et_pb_blurb use_icon=\u00a0\u00bbon\u00a0\u00bb font_icon=\u00a0\u00bb&#xe08c;||divi||400&Prime; icon_color=\u00a0\u00bbrgba(145,145,145,0.55)\u00a0\u00bb icon_placement=\u00a0\u00bbleft\u00a0\u00bb image_icon_width=\u00a0\u00bb16px\u00a0\u00bb _builder_version=\u00a0\u00bb4.14.4&Prime; header_font=\u00a0\u00bbLato||||||||\u00a0\u00bb header_font_size=\u00a0\u00bb14px\u00a0\u00bb header_line_height=\u00a0\u00bb1.3em\u00a0\u00bb max_width=\u00a0\u00bb400px\u00a0\u00bb custom_margin=\u00a0\u00bb||8px\u00a0\u00bb animation=\u00a0\u00bboff\u00a0\u00bb icon_font_size=\u00a0\u00bb16px\u00a0\u00bb global_colors_info=\u00a0\u00bb{}\u00a0\u00bb]<\/p>\n<p><strong>Conditions des activit\u00e9s : <\/strong><br \/>\u2013 Exp\u00e9rience propos\u00e9e tout au long de l\u2019ann\u00e9e, sur r\u00e9servation.<br \/>\u2013 Consulter la disponibilit\u00e9 \u00e0 l\u2019avance.<br \/>\u2013 Comprend la r\u00e9alisation de l\u2019Exp\u00e9rience culturelle choisie en compagnie d\u2019un\/e historien\/ne et\/ou arch\u00e9ologue professionnel\/le, en anglais ou fran\u00e7ais.<br \/>\u2013 Visite culturelle : visite effectu\u00e9e en milieu urbain, essentiellement \u00e0 l\u2019ext\u00e9rieur, id\u00e9ale tout au long de l\u2019ann\u00e9e. Moyen de locomotion\u00a0: \u00e0 pied, tous publics. Possibilit\u00e9 d\u2019arriver au point de rencontre de l\u2019activit\u00e9 en v\u00e9hicule particulier ou en transport public, non compris dans le prix de l\u2019activit\u00e9.<br \/>\u2013 Dur\u00e9e de la visite\u00a0: 1,5-2 heures.<br \/>\u2013 Prix de l\u2019activit\u00e9 : \u00e0 consulter.<\/p>\n<\/p>\n<p>[\/et_pb_blurb][et_pb_button button_url=\u00a0\u00bb@ET-DC@eyJkeW5hbWljIjp0cnVlLCJjb250ZW50IjoicG9zdF9saW5rX3VybF9wYWdlIiwic2V0dGluZ3MiOnsicG9zdF9pZCI6IjMyNjEifX0=@\u00a0\u00bb button_text=\u00a0\u00bbNous contacter\u00a0\u00bb button_alignment=\u00a0\u00bbcenter\u00a0\u00bb _builder_version=\u00a0\u00bb4.14.4&Prime; _dynamic_attributes=\u00a0\u00bbbutton_url\u00a0\u00bb custom_button=\u00a0\u00bbon\u00a0\u00bb button_text_size=\u00a0\u00bb14px\u00a0\u00bb button_text_color=\u00a0\u00bb#000000&Prime; button_bg_color=\u00a0\u00bb#ffc600&Prime; button_border_color=\u00a0\u00bbrgba(0,0,0,0)\u00a0\u00bb button_border_radius=\u00a0\u00bb0px\u00a0\u00bb button_letter_spacing=\u00a0\u00bb4px\u00a0\u00bb button_font=\u00a0\u00bbLato|700||on|||||\u00a0\u00bb button_icon=\u00a0\u00bb&#x24;||divi||400&Prime; custom_padding=\u00a0\u00bb15px|40px|15px|40px|true|true\u00a0\u00bb hover_enabled=\u00a0\u00bb0&Prime; box_shadow_style=\u00a0\u00bbpreset3&Prime; box_shadow_color=\u00a0\u00bbrgba(0,0,0,0.12)\u00a0\u00bb locked=\u00a0\u00bboff\u00a0\u00bb global_colors_info=\u00a0\u00bb{}\u00a0\u00bb sticky_enabled=\u00a0\u00bb0&Prime;][\/et_pb_button][\/et_pb_column][et_pb_column type=\u00a0\u00bb1_2&Prime; _builder_version=\u00a0\u00bb3.25&Prime; custom_padding=\u00a0\u00bb|||\u00a0\u00bb global_colors_info=\u00a0\u00bb{}\u00a0\u00bb custom_padding__hover=\u00a0\u00bb|||\u00a0\u00bb][et_pb_image src=\u00a0\u00bbhttp:\/\/experienciesculturals.cat\/wp-content\/uploads\/2021\/12\/2022_VC13_Tossa_FR-1024&#215;726.jpg\u00a0\u00bb title_text=\u00a0\u00bb2022_VC13_Tossa_FR\u00a0\u00bb _builder_version=\u00a0\u00bb4.14.4&Prime; locked=\u00a0\u00bboff\u00a0\u00bb global_colors_info=\u00a0\u00bb{}\u00a0\u00bb][\/et_pb_image][et_pb_text _builder_version=\u00a0\u00bb4.14.4&Prime; text_font=\u00a0\u00bb||||||||\u00a0\u00bb text_line_height=\u00a0\u00bb1.9em\u00a0\u00bb header_3_font=\u00a0\u00bbLato|700|||||||\u00a0\u00bb header_3_font_size=\u00a0\u00bb18px\u00a0\u00bb header_3_line_height=\u00a0\u00bb1.4em\u00a0\u00bb custom_margin=\u00a0\u00bb||\u00a0\u00bb custom_margin_tablet=\u00a0\u00bb||30px\u00a0\u00bb custom_margin_last_edited=\u00a0\u00bboff|desktop\u00a0\u00bb locked=\u00a0\u00bboff\u00a0\u00bb global_colors_info=\u00a0\u00bb{}\u00a0\u00bb]<\/p>\n<h2>Visite culturelle : l\u2019essence et les secrets de Tossa de Mar<\/h2>\n<p><strong>Description de l\u2019activit\u00e9 :<\/strong><\/p>\n<ul>\n<li>D\u00e9couverte de Tossa de Mar, ville de tradition marine, en compagnie d\u2019un\/e arch\u00e9ologue et historien\/ne qui vous d\u00e9voilera les secrets cach\u00e9s de la Tossa romaine, m\u00e9di\u00e9vale, moderne et contemporaine.<\/li>\n<li>Voyage aux origines de <em>Turissa <\/em>\u00e0 travers la Villa romaine des Ametllers, un site arch\u00e9ologique romain tr\u00e8s int\u00e9ressant et peu connu o\u00f9 les Romains fabriquaient du vin.<\/li>\n<li>Incursion dans la Tossa m\u00e9di\u00e9vale, au c\u0153ur de son enceinte fortifi\u00e9e, la seule ville \u00e0 remparts situ\u00e9e en bord de mer, sur la Costa Brava.<\/li>\n<li>D\u00e9couvrez pourquoi Tossa est aussi appel\u00e9e \u00ab\u00a0La Babel des Arts\u00a0\u00bb et \u00ab\u00a0Le Paradis Bleu\u00a0\u00bb.<\/li>\n<li>Savourez un cadre idyllique synonyme de patrimoine naturel et culturel fantastique.<\/li>\n<\/ul>\n<p>[\/et_pb_text][et_pb_blurb use_icon=\u00a0\u00bbon\u00a0\u00bb font_icon=\u00a0\u00bb&#xe08c;||divi||400&Prime; icon_color=\u00a0\u00bbrgba(145,145,145,0.55)\u00a0\u00bb icon_placement=\u00a0\u00bbleft\u00a0\u00bb image_icon_width=\u00a0\u00bb16px\u00a0\u00bb _builder_version=\u00a0\u00bb4.14.4&Prime; header_font=\u00a0\u00bbLato||||||||\u00a0\u00bb header_font_size=\u00a0\u00bb14px\u00a0\u00bb header_line_height=\u00a0\u00bb1.3em\u00a0\u00bb max_width=\u00a0\u00bb400px\u00a0\u00bb custom_margin=\u00a0\u00bb||8px\u00a0\u00bb animation=\u00a0\u00bboff\u00a0\u00bb icon_font_size=\u00a0\u00bb16px\u00a0\u00bb global_colors_info=\u00a0\u00bb{}\u00a0\u00bb]<\/p>\n<p><strong>Conditions des activit\u00e9s : <\/strong><br \/>\u2013 Exp\u00e9rience propos\u00e9e tout au long de l\u2019ann\u00e9e, sur r\u00e9servation.<br \/>\u2013 Consulter la disponibilit\u00e9 \u00e0 l\u2019avance.<br \/>\u2013 Comprend la r\u00e9alisation de l\u2019Exp\u00e9rience culturelle choisie en compagnie d\u2019un\/e historien\/ne et\/ou arch\u00e9ologue professionnel\/le, en anglais ou fran\u00e7ais.<br \/>\u2013 Visite culturelle : visite effectu\u00e9e en milieu urbain, essentiellement \u00e0 l\u2019ext\u00e9rieur, id\u00e9ale tout au long de l\u2019ann\u00e9e. Moyen de locomotion\u00a0: \u00e0 pied, tous publics. Possibilit\u00e9 d\u2019arriver au point de rencontre de l\u2019activit\u00e9 en v\u00e9hicule particulier ou en transport public, non compris dans le prix de l\u2019activit\u00e9.<br \/>\u2013 La visite de Tossa de Mar n\u2019est pas recommand\u00e9e pour les personnes \u00e0 mobilit\u00e9 r\u00e9duite.<br \/>\u2013 Dur\u00e9e de la visite\u00a0: 1,5-2 heures.<br \/>\u2013 Prix de l\u2019activit\u00e9 : \u00e0 consulter.<\/p>\n<p>&nbsp;<\/p>\n<p>&nbsp;<\/p>\n<p>[\/et_pb_blurb][et_pb_button button_url=\u00a0\u00bb@ET-DC@eyJkeW5hbWljIjp0cnVlLCJjb250ZW50IjoicG9zdF9saW5rX3VybF9wYWdlIiwic2V0dGluZ3MiOnsicG9zdF9pZCI6IjMyNjEifX0=@\u00a0\u00bb button_text=\u00a0\u00bbNous contacter\u00a0\u00bb button_alignment=\u00a0\u00bbcenter\u00a0\u00bb _builder_version=\u00a0\u00bb4.14.4&Prime; custom_button=\u00a0\u00bbon\u00a0\u00bb button_text_size=\u00a0\u00bb14px\u00a0\u00bb button_text_color=\u00a0\u00bb#000000&Prime; button_bg_color=\u00a0\u00bb#ffc600&Prime; button_border_color=\u00a0\u00bbrgba(0,0,0,0)\u00a0\u00bb button_border_radius=\u00a0\u00bb0px\u00a0\u00bb button_letter_spacing=\u00a0\u00bb4px\u00a0\u00bb button_font=\u00a0\u00bbLato|700||on|||||\u00a0\u00bb button_icon=\u00a0\u00bb&#x24;||divi||400&Prime; custom_padding=\u00a0\u00bb15px|40px|15px|40px|true|true\u00a0\u00bb hover_enabled=\u00a0\u00bb0&Prime; box_shadow_style=\u00a0\u00bbpreset3&Prime; box_shadow_color=\u00a0\u00bbrgba(0,0,0,0.12)\u00a0\u00bb locked=\u00a0\u00bboff\u00a0\u00bb global_colors_info=\u00a0\u00bb{}\u00a0\u00bb _dynamic_attributes=\u00a0\u00bbbutton_url\u00a0\u00bb sticky_enabled=\u00a0\u00bb0&Prime;][\/et_pb_button][\/et_pb_column][\/et_pb_row][\/et_pb_section]<\/p>\n","protected":false},"excerpt":{"rendered":"<p>Activit\u00e9sNous vous pr\u00e9sentons deux de nos visites culturelles Premium disponibles. Les visites priv\u00e9es que nous proposons depuis Atri Cultura i Patrimoni SLU vous permettront de d\u00e9couvrir, de mani\u00e8re g\u00e9n\u00e9rale, agr\u00e9able et claire \u2013mais rigoureuse\u2013, l\u2019histoire et le patrimoine culturel du territoire o\u00f9 nous vivons, la Catalogne\u00a0: une terre synonyme de plus de 1 000 ans [&hellip;]<\/p>\n","protected":false},"author":1,"featured_media":0,"parent":0,"menu_order":0,"comment_status":"closed","ping_status":"closed","template":"","meta":{"_et_pb_use_builder":"on","_et_pb_old_content":"","_et_gb_content_width":"","footnotes":""},"class_list":["post-3234","page","type-page","status-publish","hentry"],"_links":{"self":[{"href":"https:\/\/www.experienciesculturals.cat\/fr\/wp-json\/wp\/v2\/pages\/3234","targetHints":{"allow":["GET"]}}],"collection":[{"href":"https:\/\/www.experienciesculturals.cat\/fr\/wp-json\/wp\/v2\/pages"}],"about":[{"href":"https:\/\/www.experienciesculturals.cat\/fr\/wp-json\/wp\/v2\/types\/page"}],"author":[{"embeddable":true,"href":"https:\/\/www.experienciesculturals.cat\/fr\/wp-json\/wp\/v2\/users\/1"}],"replies":[{"embeddable":true,"href":"https:\/\/www.experienciesculturals.cat\/fr\/wp-json\/wp\/v2\/comments?post=3234"}],"version-history":[{"count":0,"href":"https:\/\/www.experienciesculturals.cat\/fr\/wp-json\/wp\/v2\/pages\/3234\/revisions"}],"wp:attachment":[{"href":"https:\/\/www.experienciesculturals.cat\/fr\/wp-json\/wp\/v2\/media?parent=3234"}],"curies":[{"name":"wp","href":"https:\/\/api.w.org\/{rel}","templated":true}]}}